{"id":2150,"date":"2018-04-11T09:20:47","date_gmt":"2018-04-11T07:20:47","guid":{"rendered":"http:\/\/niesakramentalni.pl\/?page_id=2150"},"modified":"2018-04-11T09:24:48","modified_gmt":"2018-04-11T07:24:48","slug":"2009-05_majowka","status":"publish","type":"page","link":"https:\/\/niesakramentalni.pl\/?page_id=2150","title":{"rendered":"2009-05_maj\u00f3wka w Jastrz\u0119biej G\u00f3rze"},"content":{"rendered":"<!-- default-view.php -->\n<div\n\tclass=\"ngg-galleryoverview default-view \"\n\tid=\"ngg-gallery-1bc98c6d16298c5173132eb1739923da-1\">\n\n\t\t<!-- Thumbnails -->\n\t\t\t\t<div id=\"ngg-image-0\" class=\"ngg-gallery-thumbnail-box ngg-4-columns\" >\n\t\t\t\t        <div class=\"ngg-gallery-thumbnail\">\n            <a href=\"https:\/\/niesakramentalni.pl\/wp-content\/gallery\/2009_05_majowka\/1.Kosciol-jezuitow1.jpg\"\n               title=\"\"\n               data-src=\"https:\/\/niesakramentalni.pl\/wp-content\/gallery\/2009_05_majowka\/1.Kosciol-jezuitow1.jpg\"\n               data-thumbnail=\"https:\/\/niesakramentalni.pl\/wp-content\/gallery\/2009_05_majowka\/thumbs\/thumbs_1.Kosciol-jezuitow1.jpg\"\n               data-image-id=\"392\"\n               data-title=\"1.Kosciol jezuitow1\"\n               data-description=\"\"\n               data-image-slug=\"1-kosciol-jezuitow1\"\n               class=\"ngg-fancybox\" rel=\"1bc98c6d16298c5173132eb1739923da\">\n                <img\n                    title=\"1.Kosciol jezuitow1\"\n                    alt=\"1.Kosciol jezuitow1\"\n                    src=\"https:\/\/niesakramentalni.pl\/wp-content\/gallery\/2009_05_majowka\/cache\/1.Kosciol-jezuitow1.jpg-nggid03392-ngg0dyn-240x160x100-00f0w010c011r110f110r010t010.jpg\"\n                    width=\"240\"\n                    height=\"160\"\n                    style=\"max-width:100%;\"\n                \/>\n            <\/a>\n        <\/div>\n\t\t\t\t\t\t\t<\/div> \n\t\t\t\n\t\t\t\t<div id=\"ngg-image-1\" class=\"ngg-gallery-thumbnail-box ngg-4-columns\" >\n\t\t\t\t        <div class=\"ngg-gallery-thumbnail\">\n            <a href=\"https:\/\/niesakramentalni.pl\/wp-content\/gallery\/2009_05_majowka\/2.Wnetrze-kosciola.JPG\"\n               title=\"\"\n               data-src=\"https:\/\/niesakramentalni.pl\/wp-content\/gallery\/2009_05_majowka\/2.Wnetrze-kosciola.JPG\"\n               data-thumbnail=\"https:\/\/niesakramentalni.pl\/wp-content\/gallery\/2009_05_majowka\/thumbs\/thumbs_2.Wnetrze-kosciola.JPG\"\n               data-image-id=\"393\"\n               data-title=\"2.Wnetrze kosciola\"\n               data-description=\"\"\n               data-image-slug=\"2-wnetrze-kosciola\"\n               class=\"ngg-fancybox\" rel=\"1bc98c6d16298c5173132eb1739923da\">\n                <img\n                    title=\"2.Wnetrze kosciola\"\n                    alt=\"2.Wnetrze kosciola\"\n                    src=\"https:\/\/niesakramentalni.pl\/wp-content\/gallery\/2009_05_majowka\/cache\/2.Wnetrze-kosciola.JPG-nggid03393-ngg0dyn-240x160x100-00f0w010c011r110f110r010t010.JPG\"\n                    width=\"240\"\n                    height=\"160\"\n                    style=\"max-width:100%;\"\n                \/>\n            <\/a>\n        <\/div>\n\t\t\t\t\t\t\t<\/div> \n\t\t\t\n\t\t\t\t<div id=\"ngg-image-2\" class=\"ngg-gallery-thumbnail-box ngg-4-columns\" >\n\t\t\t\t        <div class=\"ngg-gallery-thumbnail\">\n            <a href=\"https:\/\/niesakramentalni.pl\/wp-content\/gallery\/2009_05_majowka\/3.Obraz-z-d.-kosciola-przy-St.Rynku-w-Bydgoszczy1.jpg\"\n               title=\"\"\n               data-src=\"https:\/\/niesakramentalni.pl\/wp-content\/gallery\/2009_05_majowka\/3.Obraz-z-d.-kosciola-przy-St.Rynku-w-Bydgoszczy1.jpg\"\n               data-thumbnail=\"https:\/\/niesakramentalni.pl\/wp-content\/gallery\/2009_05_majowka\/thumbs\/thumbs_3.Obraz-z-d.-kosciola-przy-St.Rynku-w-Bydgoszczy1.jpg\"\n               data-image-id=\"394\"\n               data-title=\"3.Obraz z d. kosciola przy St.Rynku w Bydgoszczy1\"\n               data-description=\"\"\n               data-image-slug=\"3-obraz-z-d-kosciola-przy-st-rynku-w-bydgoszczy1\"\n               class=\"ngg-fancybox\" rel=\"1bc98c6d16298c5173132eb1739923da\">\n                <img\n                    title=\"3.Obraz z d. kosciola przy St.Rynku w Bydgoszczy1\"\n                    alt=\"3.Obraz z d. kosciola przy St.Rynku w Bydgoszczy1\"\n                    src=\"https:\/\/niesakramentalni.pl\/wp-content\/gallery\/2009_05_majowka\/cache\/3.Obraz-z-d.-kosciola-przy-St.Rynku-w-Bydgoszczy1.jpg-nggid03394-ngg0dyn-240x160x100-00f0w010c011r110f110r010t010.jpg\"\n                    width=\"240\"\n                    height=\"160\"\n                    style=\"max-width:100%;\"\n                \/>\n            <\/a>\n        <\/div>\n\t\t\t\t\t\t\t<\/div> \n\t\t\t\n\t\t\t\t<div id=\"ngg-image-3\" class=\"ngg-gallery-thumbnail-box ngg-4-columns\" >\n\t\t\t\t        <div class=\"ngg-gallery-thumbnail\">\n            <a href=\"https:\/\/niesakramentalni.pl\/wp-content\/gallery\/2009_05_majowka\/4.Mozliwosci-instrumentu1.jpg\"\n               title=\"\"\n               data-src=\"https:\/\/niesakramentalni.pl\/wp-content\/gallery\/2009_05_majowka\/4.Mozliwosci-instrumentu1.jpg\"\n               data-thumbnail=\"https:\/\/niesakramentalni.pl\/wp-content\/gallery\/2009_05_majowka\/thumbs\/thumbs_4.Mozliwosci-instrumentu1.jpg\"\n               data-image-id=\"395\"\n               data-title=\"4.Mozliwosci instrumentu1\"\n               data-description=\"\"\n               data-image-slug=\"4-mozliwosci-instrumentu1\"\n               class=\"ngg-fancybox\" rel=\"1bc98c6d16298c5173132eb1739923da\">\n                <img\n                    title=\"4.Mozliwosci instrumentu1\"\n                    alt=\"4.Mozliwosci instrumentu1\"\n                    src=\"https:\/\/niesakramentalni.pl\/wp-content\/gallery\/2009_05_majowka\/cache\/4.Mozliwosci-instrumentu1.jpg-nggid03395-ngg0dyn-240x160x100-00f0w010c011r110f110r010t010.jpg\"\n                    width=\"240\"\n                    height=\"160\"\n                    style=\"max-width:100%;\"\n                \/>\n            <\/a>\n        <\/div>\n\t\t\t\t\t\t\t<\/div> \n\t\t\t\n\t\t\t\t<div id=\"ngg-image-4\" class=\"ngg-gallery-thumbnail-box ngg-4-columns\" >\n\t\t\t\t        <div class=\"ngg-gallery-thumbnail\">\n            <a href=\"https:\/\/niesakramentalni.pl\/wp-content\/gallery\/2009_05_majowka\/5.Koncert-na-zywo.JPG\"\n               title=\"\"\n               data-src=\"https:\/\/niesakramentalni.pl\/wp-content\/gallery\/2009_05_majowka\/5.Koncert-na-zywo.JPG\"\n               data-thumbnail=\"https:\/\/niesakramentalni.pl\/wp-content\/gallery\/2009_05_majowka\/thumbs\/thumbs_5.Koncert-na-zywo.JPG\"\n               data-image-id=\"396\"\n               data-title=\"5.Koncert na zywo\"\n               data-description=\"\"\n               data-image-slug=\"5-koncert-na-zywo\"\n               class=\"ngg-fancybox\" rel=\"1bc98c6d16298c5173132eb1739923da\">\n                <img\n                    title=\"5.Koncert na zywo\"\n                    alt=\"5.Koncert na zywo\"\n                    src=\"https:\/\/niesakramentalni.pl\/wp-content\/gallery\/2009_05_majowka\/cache\/5.Koncert-na-zywo.JPG-nggid03396-ngg0dyn-240x160x100-00f0w010c011r110f110r010t010.JPG\"\n                    width=\"240\"\n                    height=\"160\"\n                    style=\"max-width:100%;\"\n                \/>\n            <\/a>\n        <\/div>\n\t\t\t\t\t\t\t<\/div> \n\t\t\t\n\t\t\t\t<div id=\"ngg-image-5\" class=\"ngg-gallery-thumbnail-box ngg-4-columns\" >\n\t\t\t\t        <div class=\"ngg-gallery-thumbnail\">\n            <a href=\"https:\/\/niesakramentalni.pl\/wp-content\/gallery\/2009_05_majowka\/6.Serce-organow.JPG\"\n               title=\"\"\n               data-src=\"https:\/\/niesakramentalni.pl\/wp-content\/gallery\/2009_05_majowka\/6.Serce-organow.JPG\"\n               data-thumbnail=\"https:\/\/niesakramentalni.pl\/wp-content\/gallery\/2009_05_majowka\/thumbs\/thumbs_6.Serce-organow.JPG\"\n               data-image-id=\"397\"\n               data-title=\"6.Serce organow\"\n               data-description=\"\"\n               data-image-slug=\"6-serce-organow\"\n               class=\"ngg-fancybox\" rel=\"1bc98c6d16298c5173132eb1739923da\">\n                <img\n                    title=\"6.Serce organow\"\n                    alt=\"6.Serce organow\"\n                    src=\"https:\/\/niesakramentalni.pl\/wp-content\/gallery\/2009_05_majowka\/cache\/6.Serce-organow.JPG-nggid03397-ngg0dyn-240x160x100-00f0w010c011r110f110r010t010.JPG\"\n                    width=\"240\"\n                    height=\"160\"\n                    style=\"max-width:100%;\"\n                \/>\n            <\/a>\n        <\/div>\n\t\t\t\t\t\t\t<\/div> \n\t\t\t\n\t\t\t\t<div id=\"ngg-image-6\" class=\"ngg-gallery-thumbnail-box ngg-4-columns\" >\n\t\t\t\t        <div class=\"ngg-gallery-thumbnail\">\n            <a href=\"https:\/\/niesakramentalni.pl\/wp-content\/gallery\/2009_05_majowka\/7.czas-zachodu.JPG\"\n               title=\"\"\n               data-src=\"https:\/\/niesakramentalni.pl\/wp-content\/gallery\/2009_05_majowka\/7.czas-zachodu.JPG\"\n               data-thumbnail=\"https:\/\/niesakramentalni.pl\/wp-content\/gallery\/2009_05_majowka\/thumbs\/thumbs_7.czas-zachodu.JPG\"\n               data-image-id=\"398\"\n               data-title=\"7.czas zachodu\"\n               data-description=\"\"\n               data-image-slug=\"7-czas-zachodu\"\n               class=\"ngg-fancybox\" rel=\"1bc98c6d16298c5173132eb1739923da\">\n                <img\n                    title=\"7.czas zachodu\"\n                    alt=\"7.czas zachodu\"\n                    src=\"https:\/\/niesakramentalni.pl\/wp-content\/gallery\/2009_05_majowka\/cache\/7.czas-zachodu.JPG-nggid03398-ngg0dyn-240x160x100-00f0w010c011r110f110r010t010.JPG\"\n                    width=\"240\"\n                    height=\"160\"\n                    style=\"max-width:100%;\"\n                \/>\n            <\/a>\n        <\/div>\n\t\t\t\t\t\t\t<\/div> \n\t\t\t\n\t\t\t\t<div id=\"ngg-image-7\" class=\"ngg-gallery-thumbnail-box ngg-4-columns\" >\n\t\t\t\t        <div class=\"ngg-gallery-thumbnail\">\n            <a href=\"https:\/\/niesakramentalni.pl\/wp-content\/gallery\/2009_05_majowka\/8.Skansen-w-Szymbarku1.jpg\"\n               title=\"\"\n               data-src=\"https:\/\/niesakramentalni.pl\/wp-content\/gallery\/2009_05_majowka\/8.Skansen-w-Szymbarku1.jpg\"\n               data-thumbnail=\"https:\/\/niesakramentalni.pl\/wp-content\/gallery\/2009_05_majowka\/thumbs\/thumbs_8.Skansen-w-Szymbarku1.jpg\"\n               data-image-id=\"399\"\n               data-title=\"8.Skansen w Szymbarku1\"\n               data-description=\"\"\n               data-image-slug=\"8-skansen-w-szymbarku1\"\n               class=\"ngg-fancybox\" rel=\"1bc98c6d16298c5173132eb1739923da\">\n                <img\n                    title=\"8.Skansen w Szymbarku1\"\n                    alt=\"8.Skansen w Szymbarku1\"\n                    src=\"https:\/\/niesakramentalni.pl\/wp-content\/gallery\/2009_05_majowka\/cache\/8.Skansen-w-Szymbarku1.jpg-nggid03399-ngg0dyn-240x160x100-00f0w010c011r110f110r010t010.jpg\"\n                    width=\"240\"\n                    height=\"160\"\n                    style=\"max-width:100%;\"\n                \/>\n            <\/a>\n        <\/div>\n\t\t\t\t\t\t\t<\/div> \n\t\t\t\n\t\n\t<br style=\"clear: both\" \/>\n\n\t\t<div class=\"slideshowlink\">\n        <a href='https:\/\/niesakramentalni.pl\/index.php\/nggallery\/slideshow?page_id=2150'>&#091;POKAZ SLAJD\u00d3W&#093;<\/a>\n\t\t\n\t<\/div>\n\t\n\t\t<!-- Pagination -->\n\t<div class='ngg-clear'><\/div>\t<\/div>\n\n","protected":false},"excerpt":{"rendered":"<p>&#8221; order_by=&#8221;sortorder&#8221; order_direction=&#8221;ASC&#8221; returns=&#8221;included&#8221; maximum_entity_count=&#8221;500&#8243;]<\/p>\n","protected":false},"author":1,"featured_media":0,"parent":669,"menu_order":0,"comment_status":"closed","ping_status":"closed","template":"","meta":{"ngg_post_thumbnail":0,"footnotes":""},"_links":{"self":[{"href":"https:\/\/niesakramentalni.pl\/index.php?rest_route=\/wp\/v2\/pages\/2150"}],"collection":[{"href":"https:\/\/niesakramentalni.pl\/index.php?rest_route=\/wp\/v2\/pages"}],"about":[{"href":"https:\/\/niesakramentalni.pl\/index.php?rest_route=\/wp\/v2\/types\/page"}],"author":[{"embeddable":true,"href":"https:\/\/niesakramentalni.pl\/index.php?rest_route=\/wp\/v2\/users\/1"}],"replies":[{"embeddable":true,"href":"https:\/\/niesakramentalni.pl\/index.php?rest_route=%2Fwp%2Fv2%2Fcomments&post=2150"}],"version-history":[{"count":3,"href":"https:\/\/niesakramentalni.pl\/index.php?rest_route=\/wp\/v2\/pages\/2150\/revisions"}],"predecessor-version":[{"id":2155,"href":"https:\/\/niesakramentalni.pl\/index.php?rest_route=\/wp\/v2\/pages\/2150\/revisions\/2155"}],"up":[{"embeddable":true,"href":"https:\/\/niesakramentalni.pl\/index.php?rest_route=\/wp\/v2\/pages\/669"}],"wp:attachment":[{"href":"https:\/\/niesakramentalni.pl\/index.php?rest_route=%2Fwp%2Fv2%2Fmedia&parent=2150"}],"curies":[{"name":"wp","href":"https:\/\/api.w.org\/{rel}","templated":true}]}}