{"id":1538,"date":"2018-03-28T22:45:00","date_gmt":"2018-03-28T20:45:00","guid":{"rendered":"http:\/\/stowarzyszeniesos.pl\/?page_id=1538"},"modified":"2023-11-29T08:35:37","modified_gmt":"2023-11-29T07:35:37","slug":"o-nas","status":"publish","type":"page","link":"https:\/\/niesakramentalni.pl\/?page_id=1538","title":{"rendered":"O NAS"},"content":{"rendered":"<p style=\"text-align: justify;\"><strong>Ma\u0142\u017ce\u0144stwo niesakramentalne<\/strong> &#8211; to zwi\u0105zek ludzi ochrzczonych, kt\u00f3rzy nie mog\u0105 zawrze\u0107 \u015blubu zgodnie<a class=\"ngg-fancybox\" title=\" \" href=\"https:\/\/niesakramentalni.pl\/wp-content\/gallery\/wpisy\/2017-05-s1.JPG\" rel=\"\" data-image-id=\"305\" data-src=\"https:\/\/niesakramentalni.pl\/wp-content\/gallery\/wpisy\/2017-05-s1.JPG\" data-thumbnail=\"https:\/\/niesakramentalni.pl\/wp-content\/gallery\/wpisy\/thumbs\/thumbs_2017-05-s1.JPG\" data-title=\"2017-05-s1\" data-description=\" \"><img loading=\"lazy\" decoding=\"async\" class=\"ngg-singlepic ngg-right alignright\" src=\"https:\/\/niesakramentalni.pl\/wp-content\/gallery\/wpisy\/thumbs\/thumbs_2017-05-s1.JPG\" alt=\"2017-05-s1\" width=\"337\" height=\"224\"><\/a> z wymaganiami wiary katolickiej, chocia\u017cby tego bardzo chcieli.&nbsp; Przeszkod\u0105 dla nich jest to, \u017ce wzi\u0119li \u015blub w Ko\u015bciele, cywilnie rozwiedli si\u0119 i ponownie zawarli zwi\u0105zek cywilny. T\u0119skni\u0105 za spowiedzi\u0105 i Komuni\u0105 \u015bwi\u0119t\u0105.<br \/>\n<strong> Nasza wsp\u00f3lnota<\/strong> <em>Duszpasterstwo ma\u0142\u017ce\u0144stw niesakramentalnych <\/em>zawi\u0105za\u0142a si\u0119 w marcu 2002 roku jako materialny owoc&nbsp; wielkopostnych rekolekcji<em> Dla ma\u0142\u017ce\u0144stw i os\u00f3b \u017cyj\u0105cych <\/em><em>w zwi\u0105zkach niesakramentalnych<\/em>, kt\u00f3re odby\u0142y si\u0119 w ko\u015bciele oo. jezuit\u00f3w. Dzia\u0142amy przy Parafii p.w. \u015bw. Andrzeja Boboli w Bydgoszczy, Plac Ko\u015bcieleckich 7.<\/p>\n<p style=\"text-align: justify;\">Za\u0142o\u017cycielem grupy jest <strong>o. Mieczys\u0142aw \u0141usiak SJ.<br \/>\n<\/strong>Aktualnie opiek\u0119 duszpastersk\u0105 sprawuje<strong> o. Bogus\u0142aw Soma SJ.<br \/>\n<\/strong>Z ojcem Mieczys\u0142awem \u0141usiakiem mo\u017cna kontaktowa\u0107 si\u0119 za po\u015brednictwem <a href=\"https:\/\/rodzinyempatyczne.jezuici.pl\/kontakt\/\"><strong>FORMULARZA&nbsp;<\/strong><\/a>na stronie \u21d2 <a href=\"https:\/\/rodzinyempatyczne.jezuici.pl\/\">Rodziny empatyczne<\/a>.<\/p>\n","protected":false},"excerpt":{"rendered":"<p>Ma\u0142\u017ce\u0144stwo niesakramentalne &#8211; to zwi\u0105zek ludzi ochrzczonych, kt\u00f3rzy nie mog\u0105 zawrze\u0107 \u015blubu zgodnie z wymaganiami wiary katolickiej, chocia\u017cby tego bardzo chcieli.&nbsp; Przeszkod\u0105 dla nich jest to, \u017ce wzi\u0119li \u015blub w Ko\u015bciele, cywilnie rozwiedli si\u0119 i ponownie zawarli zwi\u0105zek cywilny. T\u0119skni\u0105 za spowiedzi\u0105 i Komuni\u0105 \u015bwi\u0119t\u0105. Nasza wsp\u00f3lnota Duszpasterstwo ma\u0142\u017ce\u0144stw niesakramentalnych zawi\u0105za\u0142a si\u0119 w marcu 2002 <a href=\"https:\/\/niesakramentalni.pl\/?page_id=1538\" class=\"more-link\">[&hellip;]<\/a><\/p>\n","protected":false},"author":1,"featured_media":0,"parent":0,"menu_order":0,"comment_status":"closed","ping_status":"closed","template":"","meta":{"ngg_post_thumbnail":0,"footnotes":""},"_links":{"self":[{"href":"https:\/\/niesakramentalni.pl\/index.php?rest_route=\/wp\/v2\/pages\/1538"}],"collection":[{"href":"https:\/\/niesakramentalni.pl\/index.php?rest_route=\/wp\/v2\/pages"}],"about":[{"href":"https:\/\/niesakramentalni.pl\/index.php?rest_route=\/wp\/v2\/types\/page"}],"author":[{"embeddable":true,"href":"https:\/\/niesakramentalni.pl\/index.php?rest_route=\/wp\/v2\/users\/1"}],"replies":[{"embeddable":true,"href":"https:\/\/niesakramentalni.pl\/index.php?rest_route=%2Fwp%2Fv2%2Fcomments&post=1538"}],"version-history":[{"count":6,"href":"https:\/\/niesakramentalni.pl\/index.php?rest_route=\/wp\/v2\/pages\/1538\/revisions"}],"predecessor-version":[{"id":3905,"href":"https:\/\/niesakramentalni.pl\/index.php?rest_route=\/wp\/v2\/pages\/1538\/revisions\/3905"}],"wp:attachment":[{"href":"https:\/\/niesakramentalni.pl\/index.php?rest_route=%2Fwp%2Fv2%2Fmedia&parent=1538"}],"curies":[{"name":"wp","href":"https:\/\/api.w.org\/{rel}","templated":true}]}}