{"id":1166,"date":"2018-03-29T13:29:38","date_gmt":"2018-03-29T11:29:38","guid":{"rendered":"http:\/\/stowarzyszeniesos.pl\/?page_id=1166"},"modified":"2025-10-12T09:15:37","modified_gmt":"2025-10-12T07:15:37","slug":"wspolnoty-w-polsce","status":"publish","type":"page","link":"https:\/\/niesakramentalni.pl\/?page_id=1166","title":{"rendered":"WSP\u00d3LNOTY W POLSCE"},"content":{"rendered":"<p style=\"text-align: justify;\"><span style=\"font-size: 12pt;\"><strong><u>Duszpasterstwa ma\u0142\u017ce\u0144stw niesakramentalnych w Polsce<\/u><\/strong><\/span><\/p>\n<p style=\"text-align: justify;\"><span style=\"font-size: 14px;\">Prosimy o podawanie informacji o dzia\u0142aj\u0105cych wsp\u00f3lnotach duszpasterstw ma\u0142\u017ce\u0144stw niesakramentalnych na terenie naszego kraju: miasto, parafia, adres, strona www, termin i miejsce spotka\u0144.&nbsp;<\/span><\/p>\n<p style=\"text-align: justify;\"><span style=\"font-size: 12pt;\">BIA\u0141YSTOK&nbsp;&nbsp;&nbsp;&nbsp;&nbsp;&nbsp;&nbsp;&nbsp;&nbsp; Parafia p.w. Ducha \u015awi\u0119tego, ul. Sybirak\u00f3w 2; 15 \u2013204 Bia\u0142ystok<\/span><br \/>\n<span style=\"font-size: 12pt;\">&nbsp;&nbsp;&nbsp;&nbsp;&nbsp;&nbsp;&nbsp;&nbsp;&nbsp;&nbsp;&nbsp;&nbsp;&nbsp;&nbsp;&nbsp;&nbsp;&nbsp;&nbsp;&nbsp;&nbsp;&nbsp;&nbsp;&nbsp; &nbsp; &nbsp; \/spotkania: II niedziela miesi\u0105ca- opr\u00f3cz lipca i sierpnia- godz. 17.00\/<\/span><\/p>\n<p style=\"text-align: justify;\"><span style=\"font-size: 12pt;\">BIELSKO-BIA\u0141A &nbsp;&nbsp; <a href=\"http:\/\/www.niesakramentalni.duszpasterstwa.bielsko.pl\">ko\u015bci\u00f3\u0142 \u015bw. Maksymiliana Kolbego<\/a>, ul. \u015bw. M. Kolbego 1; Aleksandrowice<\/span><\/p>\n<p style=\"text-align: justify;\"><span style=\"font-size: 12pt;\">BYDGOSZCZ&nbsp;&nbsp;&nbsp;&nbsp;&nbsp;&nbsp;&nbsp; <a href=\"http:\/\/www.niesakramentalni.pl\/\">ko\u015bci\u00f3\u0142 oo.jezuit\u00f3w<\/a>, Plac Ko\u015bcieleckich 7<\/span><\/p>\n<p style=\"text-align: justify;\"><span style=\"font-size: 12pt;\">CIECHAN\u00d3W &nbsp; &nbsp; &nbsp; Parafia pw. Matki Bo\u017cej Fatimskiej, ul. \u015bw. Maksymiliana Kolbe 39&nbsp;<\/span><br \/>\n<span style=\"font-size: 12pt;\">&nbsp; &nbsp; &nbsp; &nbsp; &nbsp; &nbsp; &nbsp; &nbsp; &nbsp; &nbsp; &nbsp; &nbsp; &nbsp;&nbsp; \/spotkania: II niedziela miesi\u0105ca , godz. 18.00\/<\/span><\/p>\n<p style=\"text-align: justify;\"><span style=\"font-size: 12pt;\">CZ\u0118STOCHOWA &nbsp;&nbsp;<a href=\"http:\/\/www.niesakramentalni.czest.pl\/\">Duszpasterstwo Zwi\u0105zk\u00f3w Niesakramentalnych<\/a>&nbsp; &nbsp; &nbsp; &nbsp; &nbsp; &nbsp; &nbsp; &nbsp; &nbsp; &nbsp; &nbsp; &nbsp; &nbsp; <\/span><br \/>\n<span style=\"font-size: 12pt;\">&nbsp; &nbsp; &nbsp; &nbsp; &nbsp; &nbsp; &nbsp; &nbsp; &nbsp; &nbsp; &nbsp; &nbsp; &nbsp; &nbsp; Dom Archidiecezjalny w Cz\u0119stochowie, ul.&nbsp;Ogrodowa 24\/44<\/span><br \/>\n<span style=\"font-size: 12pt;\">&nbsp; &nbsp; &nbsp; &nbsp; &nbsp; &nbsp; &nbsp; &nbsp; &nbsp; &nbsp; &nbsp; &nbsp; &nbsp; &nbsp; \/spotkania:&nbsp;II Niedziela miesi\u0105ca, godz. 15:00\/&nbsp; &nbsp; &nbsp; &nbsp; &nbsp; &nbsp; &nbsp; &nbsp; &nbsp; &nbsp; &nbsp; &nbsp; &nbsp;&nbsp;<\/span><\/p>\n<p style=\"text-align: justify;\"><span style=\"font-size: 12pt;\">GDA\u0143SK &nbsp; &nbsp; &nbsp; &nbsp; &nbsp; &nbsp;&nbsp; <a href=\"https:\/\/gdansk.dominikanie.pl\/kontakt\/duszpstesterstwo-osob-zyjacych-w-zwiazkach-niesakramentalnych-i-rozwiedzionych\/\">Parafia \u015bw. Miko\u0142aja<\/a>, ul. \u015awi\u0119toja\u0144ska 72&nbsp;&nbsp;<\/span><\/p>\n<p style=\"text-align: justify;\"><span style=\"font-size: 12pt;\">G\u0141OG\u00d3W &nbsp; &nbsp; &nbsp; &nbsp; &nbsp;&nbsp;&nbsp; <a href=\"http:\/\/www.kolegiata.com.pl\/pl\/\">Kolegiata pw. Wniebowzi\u0119cia NMP<\/a>, Pl. Kolegiacki 10<\/span><br \/>\n<span style=\"font-size: 12pt;\">&nbsp; &nbsp; &nbsp; &nbsp; &nbsp; &nbsp; &nbsp; &nbsp; &nbsp; &nbsp; &nbsp; &nbsp; &nbsp; &nbsp; \/spotkania: ostatnia niedziela miesi\u0105ca, godz. 16.00\/&nbsp;<\/span><\/p>\n<p style=\"text-align: justify;\"><span style=\"font-size: 12pt;\">KOSZALIN&nbsp;&nbsp;&nbsp;&nbsp;&nbsp;&nbsp;&nbsp;&nbsp; &nbsp;&nbsp; Parafia Niepokalanego Pocz\u0119cia NMP (katedra), ul. Chrobrego 7<\/span><br \/>\n<span style=\"font-size: 12pt;\">&nbsp;&nbsp;&nbsp;&nbsp;&nbsp;&nbsp;&nbsp;&nbsp;&nbsp;&nbsp;&nbsp;&nbsp;&nbsp;&nbsp;&nbsp;&nbsp;&nbsp;&nbsp;&nbsp;&nbsp; &nbsp; &nbsp; &nbsp;&nbsp; \/spotkania: II niedziela miesi\u0105ca, godz. 16.00 &#8211; kaplica na plebanii\/<\/span><\/p>\n<p style=\"text-align: justify;\"><span style=\"font-size: 12pt;\">KRAK\u00d3W&nbsp;&nbsp;&nbsp;&nbsp;&nbsp;&nbsp;&nbsp;&nbsp;&nbsp;&nbsp;&nbsp; &nbsp; <a href=\"http:\/\/www.niesakramentalni.diecezja.pl\/\">Parafia Mi\u0142osierdzia Bo\u017cego<\/a>, os. Na Wzg\u00f3rzach 1A<\/span><br \/>\n<span style=\"font-size: 12pt;\">&nbsp;<\/span><br \/>\n<span style=\"font-size: 12pt;\">LUBLIN &nbsp; &nbsp; &nbsp; &nbsp; &nbsp; &nbsp; &nbsp;&nbsp; <a href=\"http:\/\/niesakramentalni.diecezja.lublin.pl\/\">Parafia Wieczerzy Pa\u0144skiej (Pallotyni),<\/a> Al. Warszawska 31<\/span><br \/>\n<span style=\"font-size: 12pt;\">&nbsp;&nbsp;&nbsp;&nbsp;&nbsp;&nbsp;&nbsp;&nbsp;&nbsp;&nbsp;&nbsp;&nbsp;&nbsp;&nbsp;&nbsp;&nbsp;&nbsp;&nbsp;&nbsp;&nbsp;&nbsp;&nbsp; &nbsp; &nbsp; \/spotkania: ka\u017cda 2 niedziela miesi\u0105ca, godz. 15.00\/&nbsp; &nbsp; &nbsp; &nbsp; &nbsp; &nbsp; &nbsp; &nbsp; &nbsp;<\/span><\/p>\n<p style=\"text-align: justify;\"><span style=\"font-size: 12pt;\">\u0141\u00d3D\u0179&nbsp;&nbsp;&nbsp;&nbsp;&nbsp;&nbsp;&nbsp;&nbsp;&nbsp;&nbsp;&nbsp;&nbsp;&nbsp;&nbsp;&nbsp;&nbsp;&nbsp; <a href=\"http:\/\/archidiecezja.lodz.pl\/jezuici\/index.php?option=com_content&amp;view=article&amp;id=101&amp;Itemid=96\">Parafia Naj\u015bwi\u0119tszego Imienia Jezus<\/a>, ul. Sienkiewicza 60, 90-058 \u0141\u00f3d\u017a<\/span><br \/>\n<span style=\"font-size: 12pt;\">&nbsp;&nbsp;&nbsp;&nbsp;&nbsp;&nbsp;&nbsp;&nbsp;&nbsp;&nbsp;&nbsp;&nbsp;&nbsp;&nbsp;&nbsp;&nbsp;&nbsp;&nbsp;&nbsp;&nbsp;&nbsp; &nbsp;&nbsp; &nbsp; \/spotkania: I \u015broda miesi\u0105ca,godz.19.00; Kaplica \u015bw. Krzysztofa\/<\/span><\/p>\n<p style=\"text-align: justify;\"><span style=\"font-size: 12pt;\">O\u015aWI\u0118CIM &nbsp; &nbsp; &nbsp; &nbsp; &nbsp;<a href=\"http:\/\/niesakramentalni.duszpasterstwa.bielsko.pl\/\">ko\u015bci\u00f3\u0142 \u015aw. Maksymiliana Kolbego<\/a>, pl. \u015aw. Maksymiliana2, O\u015bwi\u0119cim&nbsp;<\/span><\/p>\n<p style=\"text-align: left;\"><span style=\"font-size: 12pt;\">POZNA\u0143 &nbsp; &nbsp; &nbsp; &nbsp; &nbsp; &nbsp; Duszpasterstwo Zwi\u0105zk\u00f3w Niesakramentalnych przy klasztorze&nbsp;<br \/>\n&nbsp; &nbsp; &nbsp; &nbsp; &nbsp; &nbsp; &nbsp; &nbsp; &nbsp; &nbsp; &nbsp; &nbsp; &nbsp;&nbsp; oo.Karmelit\u00f3w, <\/span><span style=\"font-size: 12pt;\">Wzg\u00f3rze \u015bw. Wojciecha<br \/>\n&nbsp;&nbsp;&nbsp;&nbsp;&nbsp;&nbsp;&nbsp;&nbsp;&nbsp;&nbsp;&nbsp;&nbsp;&nbsp;&nbsp;&nbsp;&nbsp;&nbsp;&nbsp;&nbsp;&nbsp;&nbsp;&nbsp;&nbsp;&nbsp;&nbsp;&nbsp; \/spotkania: poniedzia\u0142ki, godz. 18.30, sala Edyty Stein\/<\/span><\/p>\n<p style=\"text-align: justify;\"><span style=\"font-size: 12pt;\">SOSNOWIEC &nbsp; &nbsp; &nbsp; Parafia Jezusa Chrystusa Kr\u00f3la Wszech\u015bwiata, ul. Kraszewskiego 25<\/span><br \/>\n<span style=\"font-size: 12pt;\">&nbsp; &nbsp; &nbsp; &nbsp; &nbsp; &nbsp; &nbsp; &nbsp; &nbsp; &nbsp; &nbsp; &nbsp; &nbsp;&nbsp; \/spotkania: druga niedziela miesi\u0105ca, godz. 15.00\/<\/span><\/p>\n<p style=\"text-align: left;\"><span style=\"font-size: 12pt;\">SZCZECIN&nbsp;&nbsp;&nbsp;&nbsp;&nbsp;&nbsp;&nbsp; &nbsp;&nbsp; 1<\/span><span style=\"font-size: 12pt;\">. Parafia pw. \u015bw. Andrzeja Boboli (Jezuici), ul. Pocztowa 22<br \/>\n&nbsp;&nbsp;&nbsp;&nbsp;&nbsp;&nbsp;&nbsp;&nbsp;&nbsp;&nbsp;&nbsp;&nbsp;&nbsp;&nbsp;&nbsp;&nbsp;&nbsp;&nbsp;&nbsp;&nbsp;&nbsp;&nbsp;&nbsp;&nbsp;&nbsp;&nbsp;&nbsp; \/spotkania: w 1. \u015brod\u0119 miesi\u0105ca, godz.19.00 w \u015bwietlicy przy ko\u015bciele\/<br \/>\n&nbsp;&nbsp;&nbsp;&nbsp;&nbsp;&nbsp;&nbsp;&nbsp;&nbsp;&nbsp;&nbsp;&nbsp;&nbsp;&nbsp;&nbsp;&nbsp;&nbsp;&nbsp;&nbsp;&nbsp;&nbsp;&nbsp;&nbsp;&nbsp;&nbsp;&nbsp;&nbsp; fan page na Facebooku: <a href=\"https:\/\/www.facebook.com\/profile.php?id=61554868758012\"><strong>Niesakramentalni.Szczecin<\/strong><\/a><br \/>\n&nbsp;&nbsp;&nbsp;&nbsp;&nbsp;&nbsp;&nbsp;&nbsp;&nbsp;&nbsp;&nbsp;&nbsp;&nbsp;&nbsp;&nbsp;&nbsp;&nbsp;&nbsp;&nbsp;&nbsp;&nbsp;&nbsp;&nbsp; &nbsp;&nbsp; 2.<a href=\"https:\/\/szczecin.dominikanie.pl\/kontakt\/duszpasterstwo-zwiazkow-niesakramentalnych\/\"> Dominikanie, Parafia&nbsp; pw.\u015bw. Dominika<\/a>, Plac Ofiar Katynia 1<br \/>\n&nbsp; &nbsp; &nbsp; &nbsp; &nbsp; &nbsp; &nbsp; &nbsp; &nbsp; &nbsp; &nbsp; &nbsp; &nbsp; &nbsp;3. <a href=\"http:\/\/stanislaw-bm.szczecin.pl\/wspolnoty\/duszpasterstwo-osob-niesakramentalnych\/\">Parafia pw. \u015bw. Stanis\u0142awa BM<\/a> ul. Kolorowych Dom\u00f3w 2,<br \/>\n&nbsp; &nbsp; &nbsp; &nbsp; &nbsp; &nbsp; &nbsp; &nbsp; &nbsp; &nbsp; &nbsp; &nbsp; &nbsp; &nbsp; &nbsp;70-781 Szczecin \/spotkania: w 1. i 3. wtorek miesi\u0105ca o godz. 19<br \/>\n&nbsp; &nbsp; &nbsp; &nbsp; &nbsp; &nbsp; &nbsp; &nbsp; &nbsp; &nbsp; &nbsp; &nbsp; &nbsp; &nbsp; &nbsp;w salce pod plebani\u0105\/<br \/>\n<\/span><\/p>\n<p style=\"text-align: justify;\"><span style=\"font-size: 12pt;\">TARNOBRZEG &nbsp; &nbsp; Instytut Teologiczny w Sandomierzu, ul. Mariacka 9<\/span><br \/>\n<span style=\"font-size: 12pt;\">&nbsp; &nbsp; &nbsp; &nbsp; &nbsp; &nbsp; &nbsp; &nbsp; &nbsp; &nbsp; &nbsp; &nbsp; &nbsp; &nbsp;<a href=\"http:\/\/www.niesakramentalnisandomierz.pl\/\"> &nbsp; www.niesakramentalnisandomierz.pl<\/a><\/span><br \/>\n<span style=\"font-size: 12pt;\">&nbsp; &nbsp; &nbsp; &nbsp; &nbsp; &nbsp; &nbsp; &nbsp; &nbsp; &nbsp; &nbsp; &nbsp; &nbsp;&nbsp;&nbsp; \/spotkania: 2. sobota miesi\u0105ca, godz. 9.30\/<\/span><\/p>\n<p style=\"text-align: justify;\"><span style=\"font-size: 12pt;\">TORU\u0143 &nbsp; &nbsp; &nbsp; &nbsp; &nbsp; &nbsp; &nbsp;&nbsp; <a href=\"http:\/\/www.jozeftorun.pl\/pl\/wspolnoty-i-grupy\/duszpasterstwo-niesakramentalnych-zwiazkow-mal%C5%BCenskich\">Parafia \u015bw. J\u00f3zefa, ul. \u015bw. J\u00f3zefa 23\/35<\/a><\/span><br \/>\n<span style=\"font-size: 12pt;\">&nbsp;&nbsp;&nbsp;&nbsp;&nbsp;&nbsp;&nbsp;&nbsp;&nbsp;&nbsp;&nbsp;&nbsp;&nbsp;&nbsp;&nbsp;&nbsp;&nbsp;&nbsp;&nbsp;&nbsp;&nbsp;&nbsp;&nbsp; &nbsp; &nbsp; \/spotkania: II pi\u0105tek miesi\u0105ca, godz. 19.00, kaplica \u015bw. Teresy\/<\/span><\/p>\n<p style=\"text-align: justify;\"><span style=\"font-size: 12pt;\">WARSZAWA&nbsp;&nbsp;&nbsp;&nbsp;&nbsp;&nbsp; &nbsp;&nbsp; <a href=\"http:\/\/www.niesakramentalni.net\/aktualnosci\">1. Sanktuarium \u015bw. Andrzeja Boboli<\/a> , ul. Rakowiecka 61<\/span><br \/>\n<span style=\"font-size: 12pt;\">&nbsp;&nbsp;&nbsp;&nbsp;&nbsp;&nbsp;&nbsp;&nbsp;&nbsp;&nbsp;&nbsp;&nbsp;&nbsp;&nbsp;&nbsp;&nbsp;&nbsp;&nbsp;&nbsp;&nbsp;&nbsp;&nbsp;&nbsp; &nbsp; &nbsp;&nbsp; <a href=\"http:\/\/www.niesakramentalni.ecclesia.org.pl\/\">2. Ko\u015bci\u00f3\u0142 ksi\u0119\u017cy Pallotyn\u00f3w,<\/a> ul.Skaryszewska 12<\/span><br \/>\n<span style=\"font-size: 12pt;\"> &nbsp; &nbsp; &nbsp; &nbsp; &nbsp; &nbsp; &nbsp; &nbsp; &nbsp; &nbsp; &nbsp; &nbsp; &nbsp; &nbsp;&nbsp; <a href=\"https:\/\/freta.dominikanie.pl\/kontakt\/zwiazki-niesakramentalne\/\">3. Ko\u015bci\u00f3\u0142 pw. \u015bw. Jacka (oo. Dominikan\u00f3w),<\/a> ul. Freta10<br \/>\n&nbsp;&nbsp;&nbsp;&nbsp;&nbsp;&nbsp;&nbsp;&nbsp;&nbsp;&nbsp;&nbsp;&nbsp;&nbsp;&nbsp;&nbsp;&nbsp;&nbsp;&nbsp;&nbsp;&nbsp;&nbsp;&nbsp;&nbsp;&nbsp;&nbsp;&nbsp;&nbsp;&nbsp; \/<\/span><span style=\"font-size: 12pt;\">spotkania: 1 i 3 wtorek miesi\u0105ca, godz.19.30\/<br \/>\nWOLA<br \/>\nk. PSZCZYNY&nbsp; &nbsp; &nbsp; Parafia Matki Bo\u017cej Piekarskiej, ul. Pszczy\u0144ska 26&nbsp;<br \/>\n&nbsp; &nbsp; &nbsp; &nbsp; &nbsp; &nbsp; &nbsp; &nbsp; &nbsp; &nbsp; &nbsp; &nbsp; &nbsp; \/spotkania: 3. niedziela miesi\u0105ca o godz. 17:00 w domu katechetycznym\/<br \/>\n&nbsp; &nbsp; &nbsp; &nbsp; &nbsp; &nbsp; &nbsp; &nbsp; &nbsp; &nbsp; &nbsp; &nbsp; &nbsp; e-mail: <a href=\"mailto:niesakramentalne@katowicka.pl\">niesakramentalne@katowicka.pl<\/a> Kontakt tel.:882 114 368<br \/>\n<\/span><\/p>\n<p style=\"text-align: justify;\"><span style=\"font-size: 12pt;\">WROC\u0141AW &nbsp; &nbsp; &nbsp; &nbsp; &nbsp;&nbsp; <a href=\"http:\/\/www.niesakramentalni.wroclaw.pl\">Klasztor oo. Dominikan\u00f3w<\/a>, Pl. Dominika\u0144ski 2<\/span><br \/>\n<span style=\"font-size: 12pt;\">&nbsp; &nbsp; &nbsp; &nbsp; &nbsp; &nbsp; &nbsp; &nbsp; &nbsp; &nbsp; &nbsp; &nbsp; &nbsp; &nbsp; &nbsp;spotkania co drugi pi\u0105tek, godz. 19.00<\/span><\/p>\n<p style=\"text-align: justify;\"><span style=\"font-size: 12pt;\">\u017bYWIEC &nbsp; &nbsp; &nbsp; &nbsp; &nbsp; &nbsp; &nbsp; &nbsp; <a href=\"http:\/\/www.niesakramentalni.duszpasterstwa.bielsko.pl\">Parafia Chrystusa Kr\u00f3la<\/a>, ul. ks. Piotra Skargi 5, \u017bywiec &#8211; Sporysz<\/span><\/p>\n<p style=\"text-align: justify;\">&nbsp;<\/p>\n<p style=\"text-align: justify;\">&nbsp;<\/p>\n<p style=\"text-align: justify;\">&nbsp;<\/p>\n<p style=\"text-align: justify;\">&nbsp;<\/p>\n<p style=\"text-align: justify;\">&nbsp;<\/p>\n","protected":false},"excerpt":{"rendered":"<p>Duszpasterstwa ma\u0142\u017ce\u0144stw niesakramentalnych w Polsce Prosimy o podawanie informacji o dzia\u0142aj\u0105cych wsp\u00f3lnotach duszpasterstw ma\u0142\u017ce\u0144stw niesakramentalnych na terenie naszego kraju: miasto, parafia, adres, strona www, termin i miejsce spotka\u0144.&nbsp; BIA\u0141YSTOK&nbsp;&nbsp;&nbsp;&nbsp;&nbsp;&nbsp;&nbsp;&nbsp;&nbsp; Parafia p.w. Ducha \u015awi\u0119tego, ul. Sybirak\u00f3w 2; 15 \u2013204 Bia\u0142ystok &nbsp;&nbsp;&nbsp;&nbsp;&nbsp;&nbsp;&nbsp;&nbsp;&nbsp;&nbsp;&nbsp;&nbsp;&nbsp;&nbsp;&nbsp;&nbsp;&nbsp;&nbsp;&nbsp;&nbsp;&nbsp;&nbsp;&nbsp; &nbsp; &nbsp; \/spotkania: II niedziela miesi\u0105ca- opr\u00f3cz lipca i sierpnia- godz. 17.00\/ BIELSKO-BIA\u0141A &nbsp;&nbsp; ko\u015bci\u00f3\u0142 <a href=\"https:\/\/niesakramentalni.pl\/?page_id=1166\" class=\"more-link\">[&hellip;]<\/a><\/p>\n","protected":false},"author":1,"featured_media":0,"parent":0,"menu_order":0,"comment_status":"closed","ping_status":"closed","template":"","meta":{"ngg_post_thumbnail":0,"footnotes":""},"_links":{"self":[{"href":"https:\/\/niesakramentalni.pl\/index.php?rest_route=\/wp\/v2\/pages\/1166"}],"collection":[{"href":"https:\/\/niesakramentalni.pl\/index.php?rest_route=\/wp\/v2\/pages"}],"about":[{"href":"https:\/\/niesakramentalni.pl\/index.php?rest_route=\/wp\/v2\/types\/page"}],"author":[{"embeddable":true,"href":"https:\/\/niesakramentalni.pl\/index.php?rest_route=\/wp\/v2\/users\/1"}],"replies":[{"embeddable":true,"href":"https:\/\/niesakramentalni.pl\/index.php?rest_route=%2Fwp%2Fv2%2Fcomments&post=1166"}],"version-history":[{"count":11,"href":"https:\/\/niesakramentalni.pl\/index.php?rest_route=\/wp\/v2\/pages\/1166\/revisions"}],"predecessor-version":[{"id":4160,"href":"https:\/\/niesakramentalni.pl\/index.php?rest_route=\/wp\/v2\/pages\/1166\/revisions\/4160"}],"wp:attachment":[{"href":"https:\/\/niesakramentalni.pl\/index.php?rest_route=%2Fwp%2Fv2%2Fmedia&parent=1166"}],"curies":[{"name":"wp","href":"https:\/\/api.w.org\/{rel}","templated":true}]}}