{"id":1148,"date":"2018-04-01T00:25:07","date_gmt":"2018-03-31T22:25:07","guid":{"rendered":"http:\/\/stowarzyszeniesos.pl\/?page_id=1148"},"modified":"2019-02-20T14:40:02","modified_gmt":"2019-02-20T13:40:02","slug":"ciekawe-linki","status":"publish","type":"page","link":"https:\/\/niesakramentalni.pl\/?page_id=1148","title":{"rendered":"Linki do stron"},"content":{"rendered":"<p><span style=\"font-size: 14pt;\"><span style=\"font-size: 12pt;\">1.<a href=\"http:\/\/www.niesakramentalni.ecclesia.org.pl\/\" target=\"_blank\" rel=\"noopener\">Wsp\u00f3lnoty ma\u0142\u017ce\u0144stw niesakramentalnych <\/a>&#8211; u ksi\u0119\u017cy Pallotyn\u00f3w w Warszawie<\/span><br \/>\n<\/span><\/p>\n<p><span style=\"font-size: 12pt;\">2. <a href=\"http:\/\/www.pustelnia.com.pl\/\">Pustelnia Z\u0142otego Lasu<\/a>&nbsp;(woj. \u015bwi\u0119tokrzyskie) &#8211; m.in. rekolekcje dla niesakramentalnych<\/span><\/p>\n<p><span style=\"font-size: 12pt;\">3. <a href=\"http:\/\/www.niesakramentalni.duszpasterstwa.bielsko.pl\/\">Strona duszpasterstwa MN w Bielsku &#8211; Bia\u0142ej. <\/a><\/span><\/p>\n<p><span style=\"font-size: 12pt;\">4. <a href=\"http:\/\/www.niesakramentalni.diecezja.pl\/\">Strona Duszpasterstwa Niesakramentalnych Zwi\u0105zk\u00f3w Ma\u0142\u017ce\u0144skich w Krakowie <\/a><\/span><\/p>\n<p><span style=\"font-size: 12pt;\">5. <a href=\"http:\/\/www.niesakramentalnisandomierz.pl\/\">Strona Duszpasterstwa Diecezji Sandomierskiej<\/a><\/span><\/p>\n<p><span style=\"font-size: 12pt;\">6. <a href=\"http:\/\/deon.pl\">Strona internetowa Prowincji Polski Po\u0142udniowej Towarzystwa Jezusowego<span style=\"color: #0000ff;\">&nbsp;deon.pl<\/span>&nbsp;<\/a><\/span><\/p>\n<p><span style=\"font-size: 12pt;\">7.&nbsp;<a href=\"http:\/\/www.sucha.jezuici.pl\/\">Dom Rekolekcyjny oo. Jezuit\u00f3w w SUCHEJ na Pomorzu&nbsp;<\/a><\/span><\/p>\n<p><span style=\"font-size: 12pt;\">8.<a href=\"http:\/\/www.spotkaniamalzenskie.pl\/pl\/rekolekcje-dla-malzenstw\/terminy\"> Spotkania ma\u0142\u017ce\u0144skie<\/a>&nbsp;&#8211; m.in. rekolekcje dla par niesakramentalnych.&nbsp;<\/span><\/p>\n<p>&nbsp;<\/p>\n","protected":false},"excerpt":{"rendered":"<p>1.Wsp\u00f3lnoty ma\u0142\u017ce\u0144stw niesakramentalnych &#8211; u ksi\u0119\u017cy Pallotyn\u00f3w w Warszawie 2. Pustelnia Z\u0142otego Lasu&nbsp;(woj. \u015bwi\u0119tokrzyskie) &#8211; m.in. rekolekcje dla niesakramentalnych 3. Strona duszpasterstwa MN w Bielsku &#8211; Bia\u0142ej. 4. Strona Duszpasterstwa Niesakramentalnych Zwi\u0105zk\u00f3w Ma\u0142\u017ce\u0144skich w Krakowie 5. Strona Duszpasterstwa Diecezji Sandomierskiej 6. Strona internetowa Prowincji Polski Po\u0142udniowej Towarzystwa Jezusowego&nbsp;deon.pl&nbsp; 7.&nbsp;Dom Rekolekcyjny oo. Jezuit\u00f3w w SUCHEJ na <a href=\"https:\/\/niesakramentalni.pl\/?page_id=1148\" class=\"more-link\">[&hellip;]<\/a><\/p>\n","protected":false},"author":1,"featured_media":0,"parent":0,"menu_order":0,"comment_status":"closed","ping_status":"closed","template":"","meta":{"ngg_post_thumbnail":0,"footnotes":""},"_links":{"self":[{"href":"https:\/\/niesakramentalni.pl\/index.php?rest_route=\/wp\/v2\/pages\/1148"}],"collection":[{"href":"https:\/\/niesakramentalni.pl\/index.php?rest_route=\/wp\/v2\/pages"}],"about":[{"href":"https:\/\/niesakramentalni.pl\/index.php?rest_route=\/wp\/v2\/types\/page"}],"author":[{"embeddable":true,"href":"https:\/\/niesakramentalni.pl\/index.php?rest_route=\/wp\/v2\/users\/1"}],"replies":[{"embeddable":true,"href":"https:\/\/niesakramentalni.pl\/index.php?rest_route=%2Fwp%2Fv2%2Fcomments&post=1148"}],"version-history":[{"count":3,"href":"https:\/\/niesakramentalni.pl\/index.php?rest_route=\/wp\/v2\/pages\/1148\/revisions"}],"predecessor-version":[{"id":3242,"href":"https:\/\/niesakramentalni.pl\/index.php?rest_route=\/wp\/v2\/pages\/1148\/revisions\/3242"}],"wp:attachment":[{"href":"https:\/\/niesakramentalni.pl\/index.php?rest_route=%2Fwp%2Fv2%2Fmedia&parent=1148"}],"curies":[{"name":"wp","href":"https:\/\/api.w.org\/{rel}","templated":true}]}}