{"id":1124,"date":"2018-03-29T00:07:48","date_gmt":"2018-03-28T22:07:48","guid":{"rendered":"http:\/\/stowarzyszeniesos.pl\/?page_id=1124"},"modified":"2018-12-31T09:42:50","modified_gmt":"2018-12-31T08:42:50","slug":"pozdrowienia-z-wakacji","status":"publish","type":"page","link":"https:\/\/niesakramentalni.pl\/?page_id=1124","title":{"rendered":"Pozdrowienia z wakacji"},"content":{"rendered":"<p style=\"text-align: justify;\"><span style=\"font-size: 12pt;\">Nasi Niesakramentalni w swoich wakacyjnych w\u0119dr\u00f3wkach po Polsce i \u015bwiecie nawiedzaj\u0105 tak\u017ce sanktuaria. Otrzymujemy od nich wakacyjne pozdrowienia.<\/span><b><\/b><\/p>\n<p><strong><span style=\"font-size: 12pt;\"><span style=\"color: #008000;\">Rok 2008<br \/>\n<a href=\"https:\/\/niesakramentalni.pl\/wp-content\/uploads\/Lagiewniki1.jpg\"><img loading=\"lazy\" decoding=\"async\" class=\"size-full wp-image-3197 alignleft\" src=\"https:\/\/niesakramentalni.pl\/wp-content\/uploads\/Lagiewniki1.jpg\" alt=\"\" width=\"640\" height=\"480\" srcset=\"https:\/\/niesakramentalni.pl\/wp-content\/uploads\/Lagiewniki1.jpg 640w, https:\/\/niesakramentalni.pl\/wp-content\/uploads\/Lagiewniki1-300x225.jpg 300w\" sizes=\"(max-width: 640px) 100vw, 640px\" \/><\/a><\/span><br \/>\n<\/span><\/strong><span style=\"font-size: 12pt;\"><b>\u015awi\u0105tynia Mi\u0142osierdzia Bo\u017cego w \u0141agiewnikach. <\/b>Wielu z nas by\u0142o ju\u017c tutaj podczas dw\u00f3ch wypraw do Raju (S\u0142owackiego)<\/span><\/p>\n<p>&nbsp;<\/p>\n<p><a href=\"https:\/\/niesakramentalni.pl\/wp-content\/uploads\/Medjugorie.jpg\"><img loading=\"lazy\" decoding=\"async\" class=\"size-full wp-image-3199 alignleft\" src=\"https:\/\/niesakramentalni.pl\/wp-content\/uploads\/Medjugorie.jpg\" alt=\"\" width=\"640\" height=\"480\" srcset=\"https:\/\/niesakramentalni.pl\/wp-content\/uploads\/Medjugorie.jpg 640w, https:\/\/niesakramentalni.pl\/wp-content\/uploads\/Medjugorie-300x225.jpg 300w\" sizes=\"(max-width: 640px) 100vw, 640px\" \/><\/a><\/p>\n<p>&nbsp;<\/p>\n<p>&nbsp;<\/p>\n<p>&nbsp;<\/p>\n<p>&nbsp;<\/p>\n<p>&nbsp;<\/p>\n<p>&nbsp;<\/p>\n<p>&nbsp;<\/p>\n<p>&nbsp;<\/p>\n<p>&nbsp;<\/p>\n<p>&nbsp;<\/p>\n<p>&nbsp;<\/p>\n<p>&nbsp;<\/p>\n<p>&nbsp;<\/p>\n<p>&nbsp;<\/p>\n<p>&nbsp;<\/p>\n<p>&nbsp;<\/p>\n<p>&nbsp;<\/p>\n<p><strong>Marija Bistrica<\/strong> k. Zagrzebia(Chorwacja). W 1921 papie\u017c ukoronowa\u0142 s\u0142yn\u0105c\u0105 od XV w. cudami figur\u0119 Matki Boskiej. Od tego te\u017c czasu czci si\u0119 tutaj Matk\u0119 Bo\u017c\u0105 Kr\u00f3low\u0105 Chorwat\u00f3w.<\/p>\n<p style=\"text-align: justify;\"><span style=\"font-size: 12pt; color: #008000;\"><strong><br \/>\nRok 2009<\/strong><\/span><\/p>\n<p><a href=\"https:\/\/niesakramentalni.pl\/wp-content\/uploads\/Medjugorie.jpg\"><img loading=\"lazy\" decoding=\"async\" class=\"size-full wp-image-3199 alignleft\" src=\"https:\/\/niesakramentalni.pl\/wp-content\/uploads\/Medjugorie.jpg\" alt=\"\" width=\"640\" height=\"480\" srcset=\"https:\/\/niesakramentalni.pl\/wp-content\/uploads\/Medjugorie.jpg 640w, https:\/\/niesakramentalni.pl\/wp-content\/uploads\/Medjugorie-300x225.jpg 300w\" sizes=\"(max-width: 640px) 100vw, 640px\" \/><\/a><\/p>\n<p style=\"text-align: justify;\"><span style=\"font-size: 12pt;\"><b>MEDJUGORIE<\/b><b> &#8211; Bo\u015bnia i Hercegovina. <\/b>Objawienia rozpocz\u0119\u0142y si\u0119 24 czerwca 1981 r. na zboczu g\u00f3ry Crnica, w miejscu nazwanym p\u00f3\u017aniej <b>Podbrdo. <\/b>Wed\u0142ug &#8222;widz\u0105cych&#8221; trwaj\u0105 do dzisiaj. <\/span><span style=\"font-size: 12pt;\">Tradycj\u0105 sta\u0142 si\u0119 R\u00f3\u017caniec odmawiany na <b>Podbrdo<\/b> oraz Droga Krzy\u017cowa na g\u00f3rze <b>Kri\u017cevac.<br \/>\n<\/b><i><\/i><\/span><\/p>\n<p style=\"text-align: justify;\"><span style=\"font-size: 12pt;\"><i>Dotychczas Stolica Apostolska za miarodajne uznaje stanowisko episkopatu by\u0142ej Jugos\u0142awii z 1991 r., w my\u015bl kt\u00f3rego nie mo\u017cna potwierdzi\u0107 nadprzyrodzonego charakteru zjawisk zachodz\u0105cych w Medjugorie. Mimo to, przybywaj\u0105cy tam wierni powinni by\u0107 otoczeni opiek\u0105 duszpastersk\u0105. Do tamtejszego sanktuarium nie mo\u017cna organizowa\u0107 pielgrzymek oficjalnych do chwili, kiedy nie zostanie ono uznane za miejsce autentycznych objawie\u0144.<br \/>\n<\/i><\/span><b><br \/>\n<\/b><\/p>\n<p><span style=\"color: #008000;\"><strong><span style=\"font-size: 12pt;\">Rok 2013<\/span><\/strong><\/span><\/p>\n<p><a href=\"https:\/\/niesakramentalni.pl\/wp-content\/uploads\/BG.jpg\"><img loading=\"lazy\" decoding=\"async\" class=\"size-full wp-image-3196 alignleft\" src=\"https:\/\/niesakramentalni.pl\/wp-content\/uploads\/BG.jpg\" alt=\"\" width=\"1214\" height=\"1024\" srcset=\"https:\/\/niesakramentalni.pl\/wp-content\/uploads\/BG.jpg 1214w, https:\/\/niesakramentalni.pl\/wp-content\/uploads\/BG-300x253.jpg 300w, https:\/\/niesakramentalni.pl\/wp-content\/uploads\/BG-768x648.jpg 768w, https:\/\/niesakramentalni.pl\/wp-content\/uploads\/BG-1024x864.jpg 1024w\" sizes=\"(max-width: 1214px) 100vw, 1214px\" \/><\/a><\/p>\n<p><strong><span style=\"font-size: 12pt;\">JEROZOLIMA. Bazylika Grobu Pa\u0144skiego.<\/span><\/strong><br \/>\n<span style=\"font-size: 12pt;\">Wiele miejsc w Ziemi \u015awi\u0119tej to sanktuaria.<br \/>\nTo jest dla nas &#8211; chrze\u015bcijan &#8211; najwa\u017cniejsze&#8230;<\/span><\/p>\n<p>&nbsp;<\/p>\n","protected":false},"excerpt":{"rendered":"<p>Nasi Niesakramentalni w swoich wakacyjnych w\u0119dr\u00f3wkach po Polsce i \u015bwiecie nawiedzaj\u0105 tak\u017ce sanktuaria. Otrzymujemy od nich wakacyjne pozdrowienia. Rok 2008 \u015awi\u0105tynia Mi\u0142osierdzia Bo\u017cego w \u0141agiewnikach. Wielu z nas by\u0142o ju\u017c tutaj podczas dw\u00f3ch wypraw do Raju (S\u0142owackiego) &nbsp; &nbsp; &nbsp; &nbsp; &nbsp; &nbsp; &nbsp; &nbsp; &nbsp; &nbsp; &nbsp; &nbsp; &nbsp; &nbsp; &nbsp; &nbsp; &nbsp; &nbsp; <a href=\"https:\/\/niesakramentalni.pl\/?page_id=1124\" class=\"more-link\">[&hellip;]<\/a><\/p>\n","protected":false},"author":1,"featured_media":0,"parent":1069,"menu_order":0,"comment_status":"closed","ping_status":"closed","template":"","meta":{"ngg_post_thumbnail":0,"footnotes":""},"_links":{"self":[{"href":"https:\/\/niesakramentalni.pl\/index.php?rest_route=\/wp\/v2\/pages\/1124"}],"collection":[{"href":"https:\/\/niesakramentalni.pl\/index.php?rest_route=\/wp\/v2\/pages"}],"about":[{"href":"https:\/\/niesakramentalni.pl\/index.php?rest_route=\/wp\/v2\/types\/page"}],"author":[{"embeddable":true,"href":"https:\/\/niesakramentalni.pl\/index.php?rest_route=\/wp\/v2\/users\/1"}],"replies":[{"embeddable":true,"href":"https:\/\/niesakramentalni.pl\/index.php?rest_route=%2Fwp%2Fv2%2Fcomments&post=1124"}],"version-history":[{"count":3,"href":"https:\/\/niesakramentalni.pl\/index.php?rest_route=\/wp\/v2\/pages\/1124\/revisions"}],"predecessor-version":[{"id":3216,"href":"https:\/\/niesakramentalni.pl\/index.php?rest_route=\/wp\/v2\/pages\/1124\/revisions\/3216"}],"up":[{"embeddable":true,"href":"https:\/\/niesakramentalni.pl\/index.php?rest_route=\/wp\/v2\/pages\/1069"}],"wp:attachment":[{"href":"https:\/\/niesakramentalni.pl\/index.php?rest_route=%2Fwp%2Fv2%2Fmedia&parent=1124"}],"curies":[{"name":"wp","href":"https:\/\/api.w.org\/{rel}","templated":true}]}}