{"id":1120,"date":"2018-03-29T00:03:05","date_gmt":"2018-03-28T22:03:05","guid":{"rendered":"http:\/\/stowarzyszeniesos.pl\/?page_id=1120"},"modified":"2018-04-07T09:16:58","modified_gmt":"2018-04-07T07:16:58","slug":"spotkania-oplatkowe","status":"publish","type":"page","link":"https:\/\/niesakramentalni.pl\/?page_id=1120","title":{"rendered":"Spotkania op\u0142atkowe"},"content":{"rendered":"<p style=\"text-align: justify;\"><span style=\"font-size: 12pt;\">Czas adwentu jest okazj\u0105 do spotka\u0144 grupy duszpasterskiej z kap\u0142anem i op\u0142atkiem.<\/span><br \/>\n<span style=\"font-size: 12pt;\">Cz\u0119sto odbywa si\u0119 to w domach ma\u0142\u017ce\u0144stw niesakramentalnych, czasem w salach domu parafialnego.<br \/>\nZawsze jest rodzinnie, \u015bwi\u0105tecznie i ciep\u0142o.<br \/>\n<\/span><\/p>\n<!-- default-view.php -->\n<div\n\tclass=\"ngg-galleryoverview default-view \"\n\tid=\"ngg-gallery-58555b4433e22ffa2777557f98cedc0a-1\">\n\n\t\t<!-- Thumbnails -->\n\t\t\t\t<div id=\"ngg-image-0\" class=\"ngg-gallery-thumbnail-box ngg-3-columns\" >\n\t\t\t\t        <div class=\"ngg-gallery-thumbnail\">\n            <a href=\"https:\/\/niesakramentalni.pl\/wp-content\/gallery\/wigilie\/wig_1.jpg\"\n               title=\"\"\n               data-src=\"https:\/\/niesakramentalni.pl\/wp-content\/gallery\/wigilie\/wig_1.jpg\"\n               data-thumbnail=\"https:\/\/niesakramentalni.pl\/wp-content\/gallery\/wigilie\/thumbs\/thumbs_wig_1.jpg\"\n               data-image-id=\"360\"\n               data-title=\"wig_1\"\n               data-description=\"\"\n               data-image-slug=\"wig_1\"\n               class=\"ngg-fancybox\" rel=\"58555b4433e22ffa2777557f98cedc0a\">\n                <img\n                    title=\"wig_1\"\n                    alt=\"wig_1\"\n                    src=\"https:\/\/niesakramentalni.pl\/wp-content\/gallery\/wigilie\/cache\/wig_1.jpg-nggid03360-ngg0dyn-200x160x100-00f0w010c011r110f110r010t010.jpg\"\n                    width=\"200\"\n                    height=\"160\"\n                    style=\"max-width:100%;\"\n                \/>\n            <\/a>\n        <\/div>\n\t\t\t\t\t\t\t<\/div> \n\t\t\t\n\t\t\t\t<div id=\"ngg-image-1\" class=\"ngg-gallery-thumbnail-box ngg-3-columns\" >\n\t\t\t\t        <div class=\"ngg-gallery-thumbnail\">\n            <a href=\"https:\/\/niesakramentalni.pl\/wp-content\/gallery\/wigilie\/wig_2.jpg\"\n               title=\"\"\n               data-src=\"https:\/\/niesakramentalni.pl\/wp-content\/gallery\/wigilie\/wig_2.jpg\"\n               data-thumbnail=\"https:\/\/niesakramentalni.pl\/wp-content\/gallery\/wigilie\/thumbs\/thumbs_wig_2.jpg\"\n               data-image-id=\"361\"\n               data-title=\"wig_2\"\n               data-description=\"\"\n               data-image-slug=\"wig_2\"\n               class=\"ngg-fancybox\" rel=\"58555b4433e22ffa2777557f98cedc0a\">\n                <img\n                    title=\"wig_2\"\n                    alt=\"wig_2\"\n                    src=\"https:\/\/niesakramentalni.pl\/wp-content\/gallery\/wigilie\/cache\/wig_2.jpg-nggid03361-ngg0dyn-200x160x100-00f0w010c011r110f110r010t010.jpg\"\n                    width=\"200\"\n                    height=\"160\"\n                    style=\"max-width:100%;\"\n                \/>\n            <\/a>\n        <\/div>\n\t\t\t\t\t\t\t<\/div> \n\t\t\t\n\t\t\t\t<div id=\"ngg-image-2\" class=\"ngg-gallery-thumbnail-box ngg-3-columns\" >\n\t\t\t\t        <div class=\"ngg-gallery-thumbnail\">\n            <a href=\"https:\/\/niesakramentalni.pl\/wp-content\/gallery\/wigilie\/wig_3.jpg\"\n               title=\"\"\n               data-src=\"https:\/\/niesakramentalni.pl\/wp-content\/gallery\/wigilie\/wig_3.jpg\"\n               data-thumbnail=\"https:\/\/niesakramentalni.pl\/wp-content\/gallery\/wigilie\/thumbs\/thumbs_wig_3.jpg\"\n               data-image-id=\"362\"\n               data-title=\"OLYMPUS DIGITAL CAMERA\"\n               data-description=\"\"\n               data-image-slug=\"wig_3\"\n               class=\"ngg-fancybox\" rel=\"58555b4433e22ffa2777557f98cedc0a\">\n                <img\n                    title=\"OLYMPUS DIGITAL CAMERA\"\n                    alt=\"OLYMPUS DIGITAL CAMERA\"\n                    src=\"https:\/\/niesakramentalni.pl\/wp-content\/gallery\/wigilie\/cache\/wig_3.jpg-nggid03362-ngg0dyn-200x160x100-00f0w010c011r110f110r010t010.jpg\"\n                    width=\"200\"\n                    height=\"160\"\n                    style=\"max-width:100%;\"\n                \/>\n            <\/a>\n        <\/div>\n\t\t\t\t\t\t\t<\/div> \n\t\t\t\n\t\t\t\t<div id=\"ngg-image-3\" class=\"ngg-gallery-thumbnail-box ngg-3-columns\" >\n\t\t\t\t        <div class=\"ngg-gallery-thumbnail\">\n            <a href=\"https:\/\/niesakramentalni.pl\/wp-content\/gallery\/wigilie\/wig_4.jpg\"\n               title=\"\"\n               data-src=\"https:\/\/niesakramentalni.pl\/wp-content\/gallery\/wigilie\/wig_4.jpg\"\n               data-thumbnail=\"https:\/\/niesakramentalni.pl\/wp-content\/gallery\/wigilie\/thumbs\/thumbs_wig_4.jpg\"\n               data-image-id=\"363\"\n               data-title=\"wig_4\"\n               data-description=\"\"\n               data-image-slug=\"wig_4\"\n               class=\"ngg-fancybox\" rel=\"58555b4433e22ffa2777557f98cedc0a\">\n                <img\n                    title=\"wig_4\"\n                    alt=\"wig_4\"\n                    src=\"https:\/\/niesakramentalni.pl\/wp-content\/gallery\/wigilie\/cache\/wig_4.jpg-nggid03363-ngg0dyn-200x160x100-00f0w010c011r110f110r010t010.jpg\"\n                    width=\"200\"\n                    height=\"160\"\n                    style=\"max-width:100%;\"\n                \/>\n            <\/a>\n        <\/div>\n\t\t\t\t\t\t\t<\/div> \n\t\t\t\n\t\t\t\t<div id=\"ngg-image-4\" class=\"ngg-gallery-thumbnail-box ngg-3-columns\" >\n\t\t\t\t        <div class=\"ngg-gallery-thumbnail\">\n            <a href=\"https:\/\/niesakramentalni.pl\/wp-content\/gallery\/wigilie\/wig_5.JPG\"\n               title=\"\"\n               data-src=\"https:\/\/niesakramentalni.pl\/wp-content\/gallery\/wigilie\/wig_5.JPG\"\n               data-thumbnail=\"https:\/\/niesakramentalni.pl\/wp-content\/gallery\/wigilie\/thumbs\/thumbs_wig_5.JPG\"\n               data-image-id=\"364\"\n               data-title=\"wig_5\"\n               data-description=\"\"\n               data-image-slug=\"wig_5\"\n               class=\"ngg-fancybox\" rel=\"58555b4433e22ffa2777557f98cedc0a\">\n                <img\n                    title=\"wig_5\"\n                    alt=\"wig_5\"\n                    src=\"https:\/\/niesakramentalni.pl\/wp-content\/gallery\/wigilie\/cache\/wig_5.JPG-nggid03364-ngg0dyn-200x160x100-00f0w010c011r110f110r010t010.JPG\"\n                    width=\"200\"\n                    height=\"160\"\n                    style=\"max-width:100%;\"\n                \/>\n            <\/a>\n        <\/div>\n\t\t\t\t\t\t\t<\/div> \n\t\t\t\n\t\t\t\t<div id=\"ngg-image-5\" class=\"ngg-gallery-thumbnail-box ngg-3-columns\" >\n\t\t\t\t        <div class=\"ngg-gallery-thumbnail\">\n            <a href=\"https:\/\/niesakramentalni.pl\/wp-content\/gallery\/wigilie\/wig_6.JPG\"\n               title=\"\"\n               data-src=\"https:\/\/niesakramentalni.pl\/wp-content\/gallery\/wigilie\/wig_6.JPG\"\n               data-thumbnail=\"https:\/\/niesakramentalni.pl\/wp-content\/gallery\/wigilie\/thumbs\/thumbs_wig_6.JPG\"\n               data-image-id=\"365\"\n               data-title=\"wig_6\"\n               data-description=\"\"\n               data-image-slug=\"wig_6\"\n               class=\"ngg-fancybox\" rel=\"58555b4433e22ffa2777557f98cedc0a\">\n                <img\n                    title=\"wig_6\"\n                    alt=\"wig_6\"\n                    src=\"https:\/\/niesakramentalni.pl\/wp-content\/gallery\/wigilie\/cache\/wig_6.JPG-nggid03365-ngg0dyn-200x160x100-00f0w010c011r110f110r010t010.JPG\"\n                    width=\"200\"\n                    height=\"160\"\n                    style=\"max-width:100%;\"\n                \/>\n            <\/a>\n        <\/div>\n\t\t\t\t\t\t\t<\/div> \n\t\t\t\n\t\t\t\t<div id=\"ngg-image-6\" class=\"ngg-gallery-thumbnail-box ngg-3-columns\" >\n\t\t\t\t        <div class=\"ngg-gallery-thumbnail\">\n            <a href=\"https:\/\/niesakramentalni.pl\/wp-content\/gallery\/wigilie\/wig_7.jpg\"\n               title=\"\"\n               data-src=\"https:\/\/niesakramentalni.pl\/wp-content\/gallery\/wigilie\/wig_7.jpg\"\n               data-thumbnail=\"https:\/\/niesakramentalni.pl\/wp-content\/gallery\/wigilie\/thumbs\/thumbs_wig_7.jpg\"\n               data-image-id=\"366\"\n               data-title=\"OLYMPUS DIGITAL CAMERA\"\n               data-description=\"\"\n               data-image-slug=\"wig_7\"\n               class=\"ngg-fancybox\" rel=\"58555b4433e22ffa2777557f98cedc0a\">\n                <img\n                    title=\"OLYMPUS DIGITAL CAMERA\"\n                    alt=\"OLYMPUS DIGITAL CAMERA\"\n                    src=\"https:\/\/niesakramentalni.pl\/wp-content\/gallery\/wigilie\/cache\/wig_7.jpg-nggid03366-ngg0dyn-200x160x100-00f0w010c011r110f110r010t010.jpg\"\n                    width=\"200\"\n                    height=\"160\"\n                    style=\"max-width:100%;\"\n                \/>\n            <\/a>\n        <\/div>\n\t\t\t\t\t\t\t<\/div> \n\t\t\t\n\t\t\t\t<div id=\"ngg-image-7\" class=\"ngg-gallery-thumbnail-box ngg-3-columns\" >\n\t\t\t\t        <div class=\"ngg-gallery-thumbnail\">\n            <a href=\"https:\/\/niesakramentalni.pl\/wp-content\/gallery\/wigilie\/wig_8.jpg\"\n               title=\"\"\n               data-src=\"https:\/\/niesakramentalni.pl\/wp-content\/gallery\/wigilie\/wig_8.jpg\"\n               data-thumbnail=\"https:\/\/niesakramentalni.pl\/wp-content\/gallery\/wigilie\/thumbs\/thumbs_wig_8.jpg\"\n               data-image-id=\"367\"\n               data-title=\"wig_8\"\n               data-description=\"\"\n               data-image-slug=\"wig_8\"\n               class=\"ngg-fancybox\" rel=\"58555b4433e22ffa2777557f98cedc0a\">\n                <img\n                    title=\"wig_8\"\n                    alt=\"wig_8\"\n                    src=\"https:\/\/niesakramentalni.pl\/wp-content\/gallery\/wigilie\/cache\/wig_8.jpg-nggid03367-ngg0dyn-200x160x100-00f0w010c011r110f110r010t010.jpg\"\n                    width=\"200\"\n                    height=\"160\"\n                    style=\"max-width:100%;\"\n                \/>\n            <\/a>\n        <\/div>\n\t\t\t\t\t\t\t<\/div> \n\t\t\t\n\t\t\t\t<div id=\"ngg-image-8\" class=\"ngg-gallery-thumbnail-box ngg-3-columns\" >\n\t\t\t\t        <div class=\"ngg-gallery-thumbnail\">\n            <a href=\"https:\/\/niesakramentalni.pl\/wp-content\/gallery\/wigilie\/wig_9.jpg\"\n               title=\"\"\n               data-src=\"https:\/\/niesakramentalni.pl\/wp-content\/gallery\/wigilie\/wig_9.jpg\"\n               data-thumbnail=\"https:\/\/niesakramentalni.pl\/wp-content\/gallery\/wigilie\/thumbs\/thumbs_wig_9.jpg\"\n               data-image-id=\"368\"\n               data-title=\"wig_9\"\n               data-description=\"\"\n               data-image-slug=\"wig_9\"\n               class=\"ngg-fancybox\" rel=\"58555b4433e22ffa2777557f98cedc0a\">\n                <img\n                    title=\"wig_9\"\n                    alt=\"wig_9\"\n                    src=\"https:\/\/niesakramentalni.pl\/wp-content\/gallery\/wigilie\/cache\/wig_9.jpg-nggid03368-ngg0dyn-200x160x100-00f0w010c011r110f110r010t010.jpg\"\n                    width=\"200\"\n                    height=\"160\"\n                    style=\"max-width:100%;\"\n                \/>\n            <\/a>\n        <\/div>\n\t\t\t\t\t\t\t<\/div> \n\t\t\t\n\t\n\t<br style=\"clear: both\" \/>\n\n\t\t<div class=\"slideshowlink\">\n        <a href='https:\/\/niesakramentalni.pl\/index.php\/nggallery\/slideshow?page_id=1120'>&#091;POKAZ SLAJD\u00d3W&#093;<\/a>\n\t\t\n\t<\/div>\n\t\n\t\t<!-- Pagination -->\n\t<div class='ngg-clear'><\/div>\t<\/div>\n\n<p style=\"text-align: justify;\"><span style=\"font-size: 12pt;\">&nbsp;<\/span><\/p>\n","protected":false},"excerpt":{"rendered":"<p>Czas adwentu jest okazj\u0105 do spotka\u0144 grupy duszpasterskiej z kap\u0142anem i op\u0142atkiem. Cz\u0119sto odbywa si\u0119 to w domach ma\u0142\u017ce\u0144stw niesakramentalnych, czasem w salach domu parafialnego. Zawsze jest rodzinnie, \u015bwi\u0105tecznie i ciep\u0142o. &#8221; order_by=&#8221;sortorder&#8221; order_direction=&#8221;ASC&#8221; returns=&#8221;included&#8221; maximum_entity_count=&#8221;500&#8243;] &nbsp;<\/p>\n","protected":false},"author":1,"featured_media":0,"parent":1069,"menu_order":0,"comment_status":"closed","ping_status":"closed","template":"","meta":{"ngg_post_thumbnail":0,"footnotes":""},"_links":{"self":[{"href":"https:\/\/niesakramentalni.pl\/index.php?rest_route=\/wp\/v2\/pages\/1120"}],"collection":[{"href":"https:\/\/niesakramentalni.pl\/index.php?rest_route=\/wp\/v2\/pages"}],"about":[{"href":"https:\/\/niesakramentalni.pl\/index.php?rest_route=\/wp\/v2\/types\/page"}],"author":[{"embeddable":true,"href":"https:\/\/niesakramentalni.pl\/index.php?rest_route=\/wp\/v2\/users\/1"}],"replies":[{"embeddable":true,"href":"https:\/\/niesakramentalni.pl\/index.php?rest_route=%2Fwp%2Fv2%2Fcomments&post=1120"}],"version-history":[{"count":3,"href":"https:\/\/niesakramentalni.pl\/index.php?rest_route=\/wp\/v2\/pages\/1120\/revisions"}],"predecessor-version":[{"id":1824,"href":"https:\/\/niesakramentalni.pl\/index.php?rest_route=\/wp\/v2\/pages\/1120\/revisions\/1824"}],"up":[{"embeddable":true,"href":"https:\/\/niesakramentalni.pl\/index.php?rest_route=\/wp\/v2\/pages\/1069"}],"wp:attachment":[{"href":"https:\/\/niesakramentalni.pl\/index.php?rest_route=%2Fwp%2Fv2%2Fmedia&parent=1120"}],"curies":[{"name":"wp","href":"https:\/\/api.w.org\/{rel}","templated":true}]}}