{"id":1116,"date":"2018-03-29T00:00:07","date_gmt":"2018-03-28T22:00:07","guid":{"rendered":"http:\/\/stowarzyszeniesos.pl\/?page_id=1116"},"modified":"2018-04-06T11:10:14","modified_gmt":"2018-04-06T09:10:14","slug":"droga-krzyzowa","status":"publish","type":"page","link":"https:\/\/niesakramentalni.pl\/?page_id=1116","title":{"rendered":"Droga krzy\u017cowa"},"content":{"rendered":"<p style=\"text-align: justify;\"><span style=\"font-size: 12pt;\">Od wielu lat, w Wielki Pi\u0105tek o godz. 21.00, cz\u0142onkowie naszego duszpasterstwa wraz z rodzinami i przyjaci\u00f3\u0142mi odprawiaj\u0105 Drog\u0119 Krzy\u017cow\u0105 w ciemnym, zamkni\u0119tym ko\u015bciele. <\/span><span style=\"font-size: 12pt;\">Ka\u017cdy uczestnik ma zapalony znicz. Rozwa\u017cania przygotowuj\u0105 niesakramentalni, cz\u0119sto wplataj\u0105c w\u0105tki&nbsp; i do\u015bwiadczenia osobiste.<\/span><br \/>\n<span style=\"font-size: 12pt;\">Udzia\u0142 w tej Drodze Krzy\u017cowej przynosi niesamowite prze\u017cycia i pozwala g\u0142\u0119boko wej\u015b\u0107 w atmosfer\u0119 Ukrzy\u017cowania i Zmartwychwstania&#8230;<\/span><\/p>\n<!-- default-view.php -->\n<div\n\tclass=\"ngg-galleryoverview default-view \"\n\tid=\"ngg-gallery-01d5c9810cc68c72148eab2c4434b8c4-1\">\n\n\t\t<!-- Thumbnails -->\n\t\t\t\t<div id=\"ngg-image-0\" class=\"ngg-gallery-thumbnail-box ngg-3-columns\" >\n\t\t\t\t        <div class=\"ngg-gallery-thumbnail\">\n            <a href=\"https:\/\/niesakramentalni.pl\/wp-content\/gallery\/dk\/2015_DK.JPG\"\n               title=\"\"\n               data-src=\"https:\/\/niesakramentalni.pl\/wp-content\/gallery\/dk\/2015_DK.JPG\"\n               data-thumbnail=\"https:\/\/niesakramentalni.pl\/wp-content\/gallery\/dk\/thumbs\/thumbs_2015_DK.JPG\"\n               data-image-id=\"345\"\n               data-title=\"2015_DK\"\n               data-description=\"\"\n               data-image-slug=\"2015_dk\"\n               class=\"ngg-fancybox\" rel=\"01d5c9810cc68c72148eab2c4434b8c4\">\n                <img\n                    title=\"2015_DK\"\n                    alt=\"2015_DK\"\n                    src=\"https:\/\/niesakramentalni.pl\/wp-content\/gallery\/dk\/cache\/2015_DK.JPG-nggid03345-ngg0dyn-200x160x100-00f0w010c011r110f110r010t010.JPG\"\n                    width=\"200\"\n                    height=\"160\"\n                    style=\"max-width:100%;\"\n                \/>\n            <\/a>\n        <\/div>\n\t\t\t\t\t\t\t<\/div> \n\t\t\t\n\t\t\t\t<div id=\"ngg-image-1\" class=\"ngg-gallery-thumbnail-box ngg-3-columns\" >\n\t\t\t\t        <div class=\"ngg-gallery-thumbnail\">\n            <a href=\"https:\/\/niesakramentalni.pl\/wp-content\/gallery\/dk\/2016-DK.JPG\"\n               title=\"\"\n               data-src=\"https:\/\/niesakramentalni.pl\/wp-content\/gallery\/dk\/2016-DK.JPG\"\n               data-thumbnail=\"https:\/\/niesakramentalni.pl\/wp-content\/gallery\/dk\/thumbs\/thumbs_2016-DK.JPG\"\n               data-image-id=\"346\"\n               data-title=\"2016-DK\"\n               data-description=\"\"\n               data-image-slug=\"2016-dk\"\n               class=\"ngg-fancybox\" rel=\"01d5c9810cc68c72148eab2c4434b8c4\">\n                <img\n                    title=\"2016-DK\"\n                    alt=\"2016-DK\"\n                    src=\"https:\/\/niesakramentalni.pl\/wp-content\/gallery\/dk\/cache\/2016-DK.JPG-nggid03346-ngg0dyn-200x160x100-00f0w010c011r110f110r010t010.JPG\"\n                    width=\"200\"\n                    height=\"160\"\n                    style=\"max-width:100%;\"\n                \/>\n            <\/a>\n        <\/div>\n\t\t\t\t\t\t\t<\/div> \n\t\t\t\n\t\t\t\t<div id=\"ngg-image-2\" class=\"ngg-gallery-thumbnail-box ngg-3-columns\" >\n\t\t\t\t        <div class=\"ngg-gallery-thumbnail\">\n            <a href=\"https:\/\/niesakramentalni.pl\/wp-content\/gallery\/dk\/2018-DK.jpg\"\n               title=\"\"\n               data-src=\"https:\/\/niesakramentalni.pl\/wp-content\/gallery\/dk\/2018-DK.jpg\"\n               data-thumbnail=\"https:\/\/niesakramentalni.pl\/wp-content\/gallery\/dk\/thumbs\/thumbs_2018-DK.jpg\"\n               data-image-id=\"347\"\n               data-title=\"2018-DK\"\n               data-description=\"\"\n               data-image-slug=\"2018-dk\"\n               class=\"ngg-fancybox\" rel=\"01d5c9810cc68c72148eab2c4434b8c4\">\n                <img\n                    title=\"2018-DK\"\n                    alt=\"2018-DK\"\n                    src=\"https:\/\/niesakramentalni.pl\/wp-content\/gallery\/dk\/cache\/2018-DK.jpg-nggid03347-ngg0dyn-200x160x100-00f0w010c011r110f110r010t010.jpg\"\n                    width=\"200\"\n                    height=\"160\"\n                    style=\"max-width:100%;\"\n                \/>\n            <\/a>\n        <\/div>\n\t\t\t\t\t\t\t<\/div> \n\t\t\t\n\t\n\t<br style=\"clear: both\" \/>\n\n\t\t<div class=\"slideshowlink\">\n        <a href='https:\/\/niesakramentalni.pl\/index.php\/nggallery\/slideshow?page_id=1116'>&#091;POKAZ SLAJD\u00d3W&#093;<\/a>\n\t\t\n\t<\/div>\n\t\n\t\t<!-- Pagination -->\n\t<div class='ngg-clear'><\/div>\t<\/div>\n\n<p>&nbsp;<\/p>\n<p>&nbsp;<\/p>\n","protected":false},"excerpt":{"rendered":"<p>Od wielu lat, w Wielki Pi\u0105tek o godz. 21.00, cz\u0142onkowie naszego duszpasterstwa wraz z rodzinami i przyjaci\u00f3\u0142mi odprawiaj\u0105 Drog\u0119 Krzy\u017cow\u0105 w ciemnym, zamkni\u0119tym ko\u015bciele. Ka\u017cdy uczestnik ma zapalony znicz. Rozwa\u017cania przygotowuj\u0105 niesakramentalni, cz\u0119sto wplataj\u0105c w\u0105tki&nbsp; i do\u015bwiadczenia osobiste. Udzia\u0142 w tej Drodze Krzy\u017cowej przynosi niesamowite prze\u017cycia i pozwala g\u0142\u0119boko wej\u015b\u0107 w atmosfer\u0119 Ukrzy\u017cowania i Zmartwychwstania&#8230; <a href=\"https:\/\/niesakramentalni.pl\/?page_id=1116\" class=\"more-link\">[&hellip;]<\/a><\/p>\n","protected":false},"author":1,"featured_media":0,"parent":1069,"menu_order":0,"comment_status":"closed","ping_status":"closed","template":"","meta":{"ngg_post_thumbnail":0,"footnotes":""},"_links":{"self":[{"href":"https:\/\/niesakramentalni.pl\/index.php?rest_route=\/wp\/v2\/pages\/1116"}],"collection":[{"href":"https:\/\/niesakramentalni.pl\/index.php?rest_route=\/wp\/v2\/pages"}],"about":[{"href":"https:\/\/niesakramentalni.pl\/index.php?rest_route=\/wp\/v2\/types\/page"}],"author":[{"embeddable":true,"href":"https:\/\/niesakramentalni.pl\/index.php?rest_route=\/wp\/v2\/users\/1"}],"replies":[{"embeddable":true,"href":"https:\/\/niesakramentalni.pl\/index.php?rest_route=%2Fwp%2Fv2%2Fcomments&post=1116"}],"version-history":[{"count":3,"href":"https:\/\/niesakramentalni.pl\/index.php?rest_route=\/wp\/v2\/pages\/1116\/revisions"}],"predecessor-version":[{"id":1760,"href":"https:\/\/niesakramentalni.pl\/index.php?rest_route=\/wp\/v2\/pages\/1116\/revisions\/1760"}],"up":[{"embeddable":true,"href":"https:\/\/niesakramentalni.pl\/index.php?rest_route=\/wp\/v2\/pages\/1069"}],"wp:attachment":[{"href":"https:\/\/niesakramentalni.pl\/index.php?rest_route=%2Fwp%2Fv2%2Fmedia&parent=1116"}],"curies":[{"name":"wp","href":"https:\/\/api.w.org\/{rel}","templated":true}]}}