{"id":1110,"date":"2018-03-28T23:53:31","date_gmt":"2018-03-28T21:53:31","guid":{"rendered":"http:\/\/stowarzyszeniesos.pl\/?page_id=1110"},"modified":"2018-04-06T10:25:10","modified_gmt":"2018-04-06T08:25:10","slug":"dni-skupienia","status":"publish","type":"page","link":"https:\/\/niesakramentalni.pl\/?page_id=1110","title":{"rendered":"Dni skupienia"},"content":{"rendered":"<p style=\"text-align: justify;\"><span style=\"font-size: 12pt;\">Dwa &#8211; trzy razy w roku ma\u0142\u017conkowie niesakramentalni wyje\u017cd\u017caj\u0105 na weekendowe dni skupienia do Suchej na Pomorzu, gdzie o. Mieczys\u0142aw \u0141usiak prowadzi Dom rekolekcyjny O.O. Jezuit\u00f3w. Wielokrotnie zdarza si\u0119, \u017ce zaproszenie przyjmuj\u0105 pary niesakramentalne z ca\u0142ej Polski. Jest w\u00f3wczas okazja do wymiany do\u015bwiadcze\u0144, dzielenia si\u0119 wypracowanymi w r\u00f3\u017cnych o\u015brodkach formami dzia\u0142ania.<br \/>\n<\/span><\/p>\n<!-- default-view.php -->\n<div\n\tclass=\"ngg-galleryoverview default-view \"\n\tid=\"ngg-gallery-4131fcf870c3a9814ec5dce72f2aefa7-1\">\n\n\t\t<!-- Thumbnails -->\n\t\t\t\t<div id=\"ngg-image-0\" class=\"ngg-gallery-thumbnail-box ngg-2-columns\" >\n\t\t\t\t        <div class=\"ngg-gallery-thumbnail\">\n            <a href=\"https:\/\/niesakramentalni.pl\/wp-content\/gallery\/skup\/01.jpg\"\n               title=\"\"\n               data-src=\"https:\/\/niesakramentalni.pl\/wp-content\/gallery\/skup\/01.jpg\"\n               data-thumbnail=\"https:\/\/niesakramentalni.pl\/wp-content\/gallery\/skup\/thumbs\/thumbs_01.jpg\"\n               data-image-id=\"323\"\n               data-title=\"OLYMPUS DIGITAL CAMERA\"\n               data-description=\"\"\n               data-image-slug=\"01\"\n               class=\"ngg-fancybox\" rel=\"4131fcf870c3a9814ec5dce72f2aefa7\">\n                <img\n                    title=\"OLYMPUS DIGITAL CAMERA\"\n                    alt=\"OLYMPUS DIGITAL CAMERA\"\n                    src=\"https:\/\/niesakramentalni.pl\/wp-content\/gallery\/skup\/thumbs\/thumbs_01.jpg\"\n                    width=\"240\"\n                    height=\"160\"\n                    style=\"max-width:100%;\"\n                \/>\n            <\/a>\n        <\/div>\n\t\t\t\t\t\t\t<\/div> \n\t\t\t\n\t\t\t\t<div id=\"ngg-image-1\" class=\"ngg-gallery-thumbnail-box ngg-2-columns\" >\n\t\t\t\t        <div class=\"ngg-gallery-thumbnail\">\n            <a href=\"https:\/\/niesakramentalni.pl\/wp-content\/gallery\/skup\/02.jpg\"\n               title=\"\"\n               data-src=\"https:\/\/niesakramentalni.pl\/wp-content\/gallery\/skup\/02.jpg\"\n               data-thumbnail=\"https:\/\/niesakramentalni.pl\/wp-content\/gallery\/skup\/thumbs\/thumbs_02.jpg\"\n               data-image-id=\"324\"\n               data-title=\"OLYMPUS DIGITAL CAMERA\"\n               data-description=\"\"\n               data-image-slug=\"02\"\n               class=\"ngg-fancybox\" rel=\"4131fcf870c3a9814ec5dce72f2aefa7\">\n                <img\n                    title=\"OLYMPUS DIGITAL CAMERA\"\n                    alt=\"OLYMPUS DIGITAL CAMERA\"\n                    src=\"https:\/\/niesakramentalni.pl\/wp-content\/gallery\/skup\/thumbs\/thumbs_02.jpg\"\n                    width=\"240\"\n                    height=\"160\"\n                    style=\"max-width:100%;\"\n                \/>\n            <\/a>\n        <\/div>\n\t\t\t\t\t\t\t<\/div> \n\t\t\t\n\t\t\t\t<div id=\"ngg-image-2\" class=\"ngg-gallery-thumbnail-box ngg-2-columns\" >\n\t\t\t\t        <div class=\"ngg-gallery-thumbnail\">\n            <a href=\"https:\/\/niesakramentalni.pl\/wp-content\/gallery\/skup\/03.jpg\"\n               title=\"\"\n               data-src=\"https:\/\/niesakramentalni.pl\/wp-content\/gallery\/skup\/03.jpg\"\n               data-thumbnail=\"https:\/\/niesakramentalni.pl\/wp-content\/gallery\/skup\/thumbs\/thumbs_03.jpg\"\n               data-image-id=\"325\"\n               data-title=\"03\"\n               data-description=\"\"\n               data-image-slug=\"03\"\n               class=\"ngg-fancybox\" rel=\"4131fcf870c3a9814ec5dce72f2aefa7\">\n                <img\n                    title=\"03\"\n                    alt=\"03\"\n                    src=\"https:\/\/niesakramentalni.pl\/wp-content\/gallery\/skup\/thumbs\/thumbs_03.jpg\"\n                    width=\"240\"\n                    height=\"160\"\n                    style=\"max-width:100%;\"\n                \/>\n            <\/a>\n        <\/div>\n\t\t\t\t\t\t\t<\/div> \n\t\t\t\n\t\t\t\t<div id=\"ngg-image-3\" class=\"ngg-gallery-thumbnail-box ngg-2-columns\" >\n\t\t\t\t        <div class=\"ngg-gallery-thumbnail\">\n            <a href=\"https:\/\/niesakramentalni.pl\/wp-content\/gallery\/skup\/04.jpg\"\n               title=\"\"\n               data-src=\"https:\/\/niesakramentalni.pl\/wp-content\/gallery\/skup\/04.jpg\"\n               data-thumbnail=\"https:\/\/niesakramentalni.pl\/wp-content\/gallery\/skup\/thumbs\/thumbs_04.jpg\"\n               data-image-id=\"326\"\n               data-title=\"04\"\n               data-description=\"\"\n               data-image-slug=\"04\"\n               class=\"ngg-fancybox\" rel=\"4131fcf870c3a9814ec5dce72f2aefa7\">\n                <img\n                    title=\"04\"\n                    alt=\"04\"\n                    src=\"https:\/\/niesakramentalni.pl\/wp-content\/gallery\/skup\/thumbs\/thumbs_04.jpg\"\n                    width=\"240\"\n                    height=\"160\"\n                    style=\"max-width:100%;\"\n                \/>\n            <\/a>\n        <\/div>\n\t\t\t\t\t\t\t<\/div> \n\t\t\t\n\t\t\t\t<div id=\"ngg-image-4\" class=\"ngg-gallery-thumbnail-box ngg-2-columns\" >\n\t\t\t\t        <div class=\"ngg-gallery-thumbnail\">\n            <a href=\"https:\/\/niesakramentalni.pl\/wp-content\/gallery\/skup\/05.jpg\"\n               title=\"\"\n               data-src=\"https:\/\/niesakramentalni.pl\/wp-content\/gallery\/skup\/05.jpg\"\n               data-thumbnail=\"https:\/\/niesakramentalni.pl\/wp-content\/gallery\/skup\/thumbs\/thumbs_05.jpg\"\n               data-image-id=\"327\"\n               data-title=\"05\"\n               data-description=\"\"\n               data-image-slug=\"05\"\n               class=\"ngg-fancybox\" rel=\"4131fcf870c3a9814ec5dce72f2aefa7\">\n                <img\n                    title=\"05\"\n                    alt=\"05\"\n                    src=\"https:\/\/niesakramentalni.pl\/wp-content\/gallery\/skup\/thumbs\/thumbs_05.jpg\"\n                    width=\"240\"\n                    height=\"160\"\n                    style=\"max-width:100%;\"\n                \/>\n            <\/a>\n        <\/div>\n\t\t\t\t\t\t\t<\/div> \n\t\t\t\n\t\t\t\t<div id=\"ngg-image-5\" class=\"ngg-gallery-thumbnail-box ngg-2-columns\" >\n\t\t\t\t        <div class=\"ngg-gallery-thumbnail\">\n            <a href=\"https:\/\/niesakramentalni.pl\/wp-content\/gallery\/skup\/06.jpg\"\n               title=\"\"\n               data-src=\"https:\/\/niesakramentalni.pl\/wp-content\/gallery\/skup\/06.jpg\"\n               data-thumbnail=\"https:\/\/niesakramentalni.pl\/wp-content\/gallery\/skup\/thumbs\/thumbs_06.jpg\"\n               data-image-id=\"328\"\n               data-title=\"06\"\n               data-description=\"\"\n               data-image-slug=\"06\"\n               class=\"ngg-fancybox\" rel=\"4131fcf870c3a9814ec5dce72f2aefa7\">\n                <img\n                    title=\"06\"\n                    alt=\"06\"\n                    src=\"https:\/\/niesakramentalni.pl\/wp-content\/gallery\/skup\/thumbs\/thumbs_06.jpg\"\n                    width=\"240\"\n                    height=\"160\"\n                    style=\"max-width:100%;\"\n                \/>\n            <\/a>\n        <\/div>\n\t\t\t\t\t\t\t<\/div> \n\t\t\t\n\t\t\t\t<div id=\"ngg-image-6\" class=\"ngg-gallery-thumbnail-box ngg-2-columns\" >\n\t\t\t\t        <div class=\"ngg-gallery-thumbnail\">\n            <a href=\"https:\/\/niesakramentalni.pl\/wp-content\/gallery\/skup\/07.jpg\"\n               title=\"\"\n               data-src=\"https:\/\/niesakramentalni.pl\/wp-content\/gallery\/skup\/07.jpg\"\n               data-thumbnail=\"https:\/\/niesakramentalni.pl\/wp-content\/gallery\/skup\/thumbs\/thumbs_07.jpg\"\n               data-image-id=\"329\"\n               data-title=\"07\"\n               data-description=\"\"\n               data-image-slug=\"07\"\n               class=\"ngg-fancybox\" rel=\"4131fcf870c3a9814ec5dce72f2aefa7\">\n                <img\n                    title=\"07\"\n                    alt=\"07\"\n                    src=\"https:\/\/niesakramentalni.pl\/wp-content\/gallery\/skup\/thumbs\/thumbs_07.jpg\"\n                    width=\"240\"\n                    height=\"160\"\n                    style=\"max-width:100%;\"\n                \/>\n            <\/a>\n        <\/div>\n\t\t\t\t\t\t\t<\/div> \n\t\t\t\n\t\t\t\t<div id=\"ngg-image-7\" class=\"ngg-gallery-thumbnail-box ngg-2-columns\" >\n\t\t\t\t        <div class=\"ngg-gallery-thumbnail\">\n            <a href=\"https:\/\/niesakramentalni.pl\/wp-content\/gallery\/skup\/08.jpg\"\n               title=\"\"\n               data-src=\"https:\/\/niesakramentalni.pl\/wp-content\/gallery\/skup\/08.jpg\"\n               data-thumbnail=\"https:\/\/niesakramentalni.pl\/wp-content\/gallery\/skup\/thumbs\/thumbs_08.jpg\"\n               data-image-id=\"330\"\n               data-title=\"08\"\n               data-description=\"\"\n               data-image-slug=\"08\"\n               class=\"ngg-fancybox\" rel=\"4131fcf870c3a9814ec5dce72f2aefa7\">\n                <img\n                    title=\"08\"\n                    alt=\"08\"\n                    src=\"https:\/\/niesakramentalni.pl\/wp-content\/gallery\/skup\/thumbs\/thumbs_08.jpg\"\n                    width=\"240\"\n                    height=\"160\"\n                    style=\"max-width:100%;\"\n                \/>\n            <\/a>\n        <\/div>\n\t\t\t\t\t\t\t<\/div> \n\t\t\t\n\t\n\t<br style=\"clear: both\" \/>\n\n\t\t<div class=\"slideshowlink\">\n        <a href='https:\/\/niesakramentalni.pl\/index.php\/nggallery\/slideshow?page_id=1110'>&#091;POKAZ SLAJD\u00d3W&#093;<\/a>\n\t\t\n\t<\/div>\n\t\n\t\t<!-- Pagination -->\n\t<div class='ngg-clear'><\/div>\t<\/div>\n\n<p style=\"text-align: justify;\"><span style=\"font-size: 12pt;\">&nbsp;<\/span><\/p>\n<p>&nbsp;<\/p>\n<p>&nbsp;<\/p>\n<p>&nbsp;<\/p>\n<p>&nbsp;<\/p>\n<p>&nbsp;<\/p>\n<p>&nbsp;<\/p>\n","protected":false},"excerpt":{"rendered":"<p>Dwa &#8211; trzy razy w roku ma\u0142\u017conkowie niesakramentalni wyje\u017cd\u017caj\u0105 na weekendowe dni skupienia do Suchej na Pomorzu, gdzie o. Mieczys\u0142aw \u0141usiak prowadzi Dom rekolekcyjny O.O. Jezuit\u00f3w. Wielokrotnie zdarza si\u0119, \u017ce zaproszenie przyjmuj\u0105 pary niesakramentalne z ca\u0142ej Polski. Jest w\u00f3wczas okazja do wymiany do\u015bwiadcze\u0144, dzielenia si\u0119 wypracowanymi w r\u00f3\u017cnych o\u015brodkach formami dzia\u0142ania. &#8221; order_by=&#8221;sortorder&#8221; order_direction=&#8221;ASC&#8221; returns=&#8221;included&#8221; <a href=\"https:\/\/niesakramentalni.pl\/?page_id=1110\" class=\"more-link\">[&hellip;]<\/a><\/p>\n","protected":false},"author":1,"featured_media":0,"parent":1069,"menu_order":0,"comment_status":"closed","ping_status":"closed","template":"","meta":{"ngg_post_thumbnail":0,"footnotes":""},"_links":{"self":[{"href":"https:\/\/niesakramentalni.pl\/index.php?rest_route=\/wp\/v2\/pages\/1110"}],"collection":[{"href":"https:\/\/niesakramentalni.pl\/index.php?rest_route=\/wp\/v2\/pages"}],"about":[{"href":"https:\/\/niesakramentalni.pl\/index.php?rest_route=\/wp\/v2\/types\/page"}],"author":[{"embeddable":true,"href":"https:\/\/niesakramentalni.pl\/index.php?rest_route=\/wp\/v2\/users\/1"}],"replies":[{"embeddable":true,"href":"https:\/\/niesakramentalni.pl\/index.php?rest_route=%2Fwp%2Fv2%2Fcomments&post=1110"}],"version-history":[{"count":3,"href":"https:\/\/niesakramentalni.pl\/index.php?rest_route=\/wp\/v2\/pages\/1110\/revisions"}],"predecessor-version":[{"id":1716,"href":"https:\/\/niesakramentalni.pl\/index.php?rest_route=\/wp\/v2\/pages\/1110\/revisions\/1716"}],"up":[{"embeddable":true,"href":"https:\/\/niesakramentalni.pl\/index.php?rest_route=\/wp\/v2\/pages\/1069"}],"wp:attachment":[{"href":"https:\/\/niesakramentalni.pl\/index.php?rest_route=%2Fwp%2Fv2%2Fmedia&parent=1110"}],"curies":[{"name":"wp","href":"https:\/\/api.w.org\/{rel}","templated":true}]}}