{"id":1107,"date":"2019-03-01T00:09:36","date_gmt":"2019-02-28T23:09:36","guid":{"rendered":"http:\/\/stowarzyszeniesos.pl\/?page_id=1107"},"modified":"2019-04-22T09:56:15","modified_gmt":"2019-04-22T07:56:15","slug":"1107-2","status":"publish","type":"page","link":"https:\/\/niesakramentalni.pl\/?page_id=1107","title":{"rendered":"Spotkania formacyjne"},"content":{"rendered":"<p><span style=\"text-decoration: underline;\"><strong>UWAGA!<\/strong><\/span><br \/>\nOd lutego 2019 roku ZAMIAST dodatkowych spotka\u0144 w 3. \u015brody, spotkania formacyjne odbywaj\u0105 si\u0119<br \/>\n<strong>w 1. niedziel\u0119 miesi\u0105ca po mszy \u015bwi\u0119tej!<br \/>\n<\/strong>Tematyk\u0105 tych spotka\u0144 jest pog\u0142\u0119bianie wiedzy nt. poprawy relacji mi\u0119dzy ma\u0142\u017conkami i oraz relacji rodzinnych &#8211; w oparciu o program <em>&#8222;\u017bycie bez przemocy&#8221;<\/em><\/p>\n<p>&nbsp;<\/p>\n<p style=\"text-align: justify;\"><span style=\"font-size: 12pt;\">Przez wiele lat pary niesakramentalne zainteresowane pog\u0142\u0119bieniem \u017cycia duchowego spotyka\u0142y si\u0119 w 3. \u015brod\u0119 miesi\u0105ca.<br \/>\n<span style=\"text-decoration: underline;\">Przebieg spotka\u0144:<\/span><\/span><br \/>\n<span style=\"font-size: 12pt;\"> &#8211; adoracja Naj\u015bwi\u0119tszego Sakramentu;<\/span><br \/>\n<span style=\"font-size: 12pt;\"> &#8211; rozwa\u017canie wybranych przez uczestnik\u00f3w fragment\u00f3w Pisma \u015aw;<\/span><br \/>\n<span style=\"font-size: 12pt;\"> &#8211; dzielenie si\u0119 owocami rozwa\u017cania z innymi uczestnikami;<\/span><br \/>\n<span style=\"font-size: 12pt;\"> &#8211; rozmowy przy kawie na tematy r\u00f3\u017cne.<br \/>\n<\/span><\/p>\n<!-- default-view.php -->\n<div\n\tclass=\"ngg-galleryoverview default-view \"\n\tid=\"ngg-gallery-e22c9aad00ae399ebf66e0d1b41ee54f-1\">\n\n\t\t<!-- Thumbnails -->\n\t\t\t\t<div id=\"ngg-image-0\" class=\"ngg-gallery-thumbnail-box ngg-2-columns\" >\n\t\t\t\t        <div class=\"ngg-gallery-thumbnail\">\n            <a href=\"https:\/\/niesakramentalni.pl\/wp-content\/gallery\/sp-for\/sp-for_1.jpg\"\n               title=\"\"\n               data-src=\"https:\/\/niesakramentalni.pl\/wp-content\/gallery\/sp-for\/sp-for_1.jpg\"\n               data-thumbnail=\"https:\/\/niesakramentalni.pl\/wp-content\/gallery\/sp-for\/thumbs\/thumbs_sp-for_1.jpg\"\n               data-image-id=\"319\"\n               data-title=\"sp-for_1\"\n               data-description=\"\"\n               data-image-slug=\"sp-for_1\"\n               class=\"ngg-fancybox\" rel=\"e22c9aad00ae399ebf66e0d1b41ee54f\">\n                <img\n                    title=\"sp-for_1\"\n                    alt=\"sp-for_1\"\n                    src=\"https:\/\/niesakramentalni.pl\/wp-content\/gallery\/sp-for\/thumbs\/thumbs_sp-for_1.jpg\"\n                    width=\"240\"\n                    height=\"160\"\n                    style=\"max-width:100%;\"\n                \/>\n            <\/a>\n        <\/div>\n\t\t\t\t\t\t\t<\/div> \n\t\t\t\n\t\t\t\t<div id=\"ngg-image-1\" class=\"ngg-gallery-thumbnail-box ngg-2-columns\" >\n\t\t\t\t        <div class=\"ngg-gallery-thumbnail\">\n            <a href=\"https:\/\/niesakramentalni.pl\/wp-content\/gallery\/sp-for\/sp-for_2.jpg\"\n               title=\"\"\n               data-src=\"https:\/\/niesakramentalni.pl\/wp-content\/gallery\/sp-for\/sp-for_2.jpg\"\n               data-thumbnail=\"https:\/\/niesakramentalni.pl\/wp-content\/gallery\/sp-for\/thumbs\/thumbs_sp-for_2.jpg\"\n               data-image-id=\"320\"\n               data-title=\"sp-for_2\"\n               data-description=\"\"\n               data-image-slug=\"sp-for_2\"\n               class=\"ngg-fancybox\" rel=\"e22c9aad00ae399ebf66e0d1b41ee54f\">\n                <img\n                    title=\"sp-for_2\"\n                    alt=\"sp-for_2\"\n                    src=\"https:\/\/niesakramentalni.pl\/wp-content\/gallery\/sp-for\/thumbs\/thumbs_sp-for_2.jpg\"\n                    width=\"240\"\n                    height=\"160\"\n                    style=\"max-width:100%;\"\n                \/>\n            <\/a>\n        <\/div>\n\t\t\t\t\t\t\t<\/div> \n\t\t\t\n\t\t\t\t<div id=\"ngg-image-2\" class=\"ngg-gallery-thumbnail-box ngg-2-columns\" >\n\t\t\t\t        <div class=\"ngg-gallery-thumbnail\">\n            <a href=\"https:\/\/niesakramentalni.pl\/wp-content\/gallery\/sp-for\/sp-for_3.jpg\"\n               title=\"\"\n               data-src=\"https:\/\/niesakramentalni.pl\/wp-content\/gallery\/sp-for\/sp-for_3.jpg\"\n               data-thumbnail=\"https:\/\/niesakramentalni.pl\/wp-content\/gallery\/sp-for\/thumbs\/thumbs_sp-for_3.jpg\"\n               data-image-id=\"321\"\n               data-title=\"sp-for_3\"\n               data-description=\"\"\n               data-image-slug=\"sp-for_3\"\n               class=\"ngg-fancybox\" rel=\"e22c9aad00ae399ebf66e0d1b41ee54f\">\n                <img\n                    title=\"sp-for_3\"\n                    alt=\"sp-for_3\"\n                    src=\"https:\/\/niesakramentalni.pl\/wp-content\/gallery\/sp-for\/thumbs\/thumbs_sp-for_3.jpg\"\n                    width=\"240\"\n                    height=\"160\"\n                    style=\"max-width:100%;\"\n                \/>\n            <\/a>\n        <\/div>\n\t\t\t\t\t\t\t<\/div> \n\t\t\t\n\t\t\t\t<div id=\"ngg-image-3\" class=\"ngg-gallery-thumbnail-box ngg-2-columns\" >\n\t\t\t\t        <div class=\"ngg-gallery-thumbnail\">\n            <a href=\"https:\/\/niesakramentalni.pl\/wp-content\/gallery\/sp-for\/sp-for_4.jpg\"\n               title=\"\"\n               data-src=\"https:\/\/niesakramentalni.pl\/wp-content\/gallery\/sp-for\/sp-for_4.jpg\"\n               data-thumbnail=\"https:\/\/niesakramentalni.pl\/wp-content\/gallery\/sp-for\/thumbs\/thumbs_sp-for_4.jpg\"\n               data-image-id=\"322\"\n               data-title=\"sp-for_4\"\n               data-description=\"\"\n               data-image-slug=\"sp-for_4\"\n               class=\"ngg-fancybox\" rel=\"e22c9aad00ae399ebf66e0d1b41ee54f\">\n                <img\n                    title=\"sp-for_4\"\n                    alt=\"sp-for_4\"\n                    src=\"https:\/\/niesakramentalni.pl\/wp-content\/gallery\/sp-for\/thumbs\/thumbs_sp-for_4.jpg\"\n                    width=\"240\"\n                    height=\"160\"\n                    style=\"max-width:100%;\"\n                \/>\n            <\/a>\n        <\/div>\n\t\t\t\t\t\t\t<\/div> \n\t\t\t\n\t\n\t<br style=\"clear: both\" \/>\n\n\t\t<div class=\"slideshowlink\">\n        <a href='https:\/\/niesakramentalni.pl\/index.php\/nggallery\/slideshow?page_id=1107'>&#091;POKAZ SLAJD\u00d3W&#093;<\/a>\n\t\t\n\t<\/div>\n\t\n\t\t<!-- Pagination -->\n\t<div class='ngg-clear'><\/div>\t<\/div>\n\n<p>&nbsp;<\/p>\n<p>&nbsp;<\/p>\n<p>&nbsp;<\/p>\n<p>&nbsp;<\/p>\n<p>&nbsp;<\/p>\n","protected":false},"excerpt":{"rendered":"<p>UWAGA! Od lutego 2019 roku ZAMIAST dodatkowych spotka\u0144 w 3. \u015brody, spotkania formacyjne odbywaj\u0105 si\u0119 w 1. niedziel\u0119 miesi\u0105ca po mszy \u015bwi\u0119tej! Tematyk\u0105 tych spotka\u0144 jest pog\u0142\u0119bianie wiedzy nt. poprawy relacji mi\u0119dzy ma\u0142\u017conkami i oraz relacji rodzinnych &#8211; w oparciu o program &#8222;\u017bycie bez przemocy&#8221; &nbsp; Przez wiele lat pary niesakramentalne zainteresowane pog\u0142\u0119bieniem \u017cycia duchowego <a href=\"https:\/\/niesakramentalni.pl\/?page_id=1107\" class=\"more-link\">[&hellip;]<\/a><\/p>\n","protected":false},"author":1,"featured_media":0,"parent":1069,"menu_order":0,"comment_status":"closed","ping_status":"closed","template":"","meta":{"ngg_post_thumbnail":0,"footnotes":""},"_links":{"self":[{"href":"https:\/\/niesakramentalni.pl\/index.php?rest_route=\/wp\/v2\/pages\/1107"}],"collection":[{"href":"https:\/\/niesakramentalni.pl\/index.php?rest_route=\/wp\/v2\/pages"}],"about":[{"href":"https:\/\/niesakramentalni.pl\/index.php?rest_route=\/wp\/v2\/types\/page"}],"author":[{"embeddable":true,"href":"https:\/\/niesakramentalni.pl\/index.php?rest_route=\/wp\/v2\/users\/1"}],"replies":[{"embeddable":true,"href":"https:\/\/niesakramentalni.pl\/index.php?rest_route=%2Fwp%2Fv2%2Fcomments&post=1107"}],"version-history":[{"count":3,"href":"https:\/\/niesakramentalni.pl\/index.php?rest_route=\/wp\/v2\/pages\/1107\/revisions"}],"predecessor-version":[{"id":3390,"href":"https:\/\/niesakramentalni.pl\/index.php?rest_route=\/wp\/v2\/pages\/1107\/revisions\/3390"}],"up":[{"embeddable":true,"href":"https:\/\/niesakramentalni.pl\/index.php?rest_route=\/wp\/v2\/pages\/1069"}],"wp:attachment":[{"href":"https:\/\/niesakramentalni.pl\/index.php?rest_route=%2Fwp%2Fv2%2Fmedia&parent=1107"}],"curies":[{"name":"wp","href":"https:\/\/api.w.org\/{rel}","templated":true}]}}