{"id":1105,"date":"2018-03-28T23:48:58","date_gmt":"2018-03-28T21:48:58","guid":{"rendered":"http:\/\/stowarzyszeniesos.pl\/?page_id=1105"},"modified":"2018-04-06T08:48:59","modified_gmt":"2018-04-06T06:48:59","slug":"msza-swieta","status":"publish","type":"page","link":"https:\/\/niesakramentalni.pl\/?page_id=1105","title":{"rendered":"Msza \u015awi\u0119ta"},"content":{"rendered":"<p style=\"text-align: justify;\"><strong><span style=\"font-size: 14px;\">Msza \u015bwi\u0119ta dla ma\u0142\u017ce\u0144stw niesakramentalnych i ich rodzin&nbsp; &#8211; ka\u017cda pierwsza niedziela miesi\u0105ca.<br \/>\n<\/span><\/strong>Na naszych mszach czytania z Pisma \u015bw. powierza si\u0119 cz\u0142onkom wsp\u00f3lnoty.<\/p>\n<p>Komunia duchowa &#8211; b\u0142ogos\u0142awie\u0144stwo Naj\u015bwi\u0119tszym Sakramentem.<\/p>\n<!-- default-view.php -->\n<div\n\tclass=\"ngg-galleryoverview default-view \"\n\tid=\"ngg-gallery-78f20d04b07de63239609258e4f905a2-1\">\n\n\t\t<!-- Thumbnails -->\n\t\t\t\t<div id=\"ngg-image-0\" class=\"ngg-gallery-thumbnail-box ngg-4-columns\" >\n\t\t\t\t        <div class=\"ngg-gallery-thumbnail\">\n            <a href=\"https:\/\/niesakramentalni.pl\/wp-content\/gallery\/msza\/msza_1.jpg\"\n               title=\"\"\n               data-src=\"https:\/\/niesakramentalni.pl\/wp-content\/gallery\/msza\/msza_1.jpg\"\n               data-thumbnail=\"https:\/\/niesakramentalni.pl\/wp-content\/gallery\/msza\/thumbs\/thumbs_msza_1.jpg\"\n               data-image-id=\"313\"\n               data-title=\"msza_1\"\n               data-description=\"\"\n               data-image-slug=\"msza_1-1\"\n               class=\"ngg-fancybox\" rel=\"78f20d04b07de63239609258e4f905a2\">\n                <img\n                    title=\"msza_1\"\n                    alt=\"msza_1\"\n                    src=\"https:\/\/niesakramentalni.pl\/wp-content\/gallery\/msza\/thumbs\/thumbs_msza_1.jpg\"\n                    width=\"240\"\n                    height=\"160\"\n                    style=\"max-width:100%;\"\n                \/>\n            <\/a>\n        <\/div>\n\t\t\t\t\t\t\t<\/div> \n\t\t\t\n\t\t\t\t<div id=\"ngg-image-1\" class=\"ngg-gallery-thumbnail-box ngg-4-columns\" >\n\t\t\t\t        <div class=\"ngg-gallery-thumbnail\">\n            <a href=\"https:\/\/niesakramentalni.pl\/wp-content\/gallery\/msza\/msza_2.jpg\"\n               title=\"\"\n               data-src=\"https:\/\/niesakramentalni.pl\/wp-content\/gallery\/msza\/msza_2.jpg\"\n               data-thumbnail=\"https:\/\/niesakramentalni.pl\/wp-content\/gallery\/msza\/thumbs\/thumbs_msza_2.jpg\"\n               data-image-id=\"314\"\n               data-title=\"msza_2\"\n               data-description=\"\"\n               data-image-slug=\"msza_2-1\"\n               class=\"ngg-fancybox\" rel=\"78f20d04b07de63239609258e4f905a2\">\n                <img\n                    title=\"msza_2\"\n                    alt=\"msza_2\"\n                    src=\"https:\/\/niesakramentalni.pl\/wp-content\/gallery\/msza\/thumbs\/thumbs_msza_2.jpg\"\n                    width=\"240\"\n                    height=\"160\"\n                    style=\"max-width:100%;\"\n                \/>\n            <\/a>\n        <\/div>\n\t\t\t\t\t\t\t<\/div> \n\t\t\t\n\t\t\t\t<div id=\"ngg-image-2\" class=\"ngg-gallery-thumbnail-box ngg-4-columns\" >\n\t\t\t\t        <div class=\"ngg-gallery-thumbnail\">\n            <a href=\"https:\/\/niesakramentalni.pl\/wp-content\/gallery\/msza\/msza_3.jpg\"\n               title=\"\"\n               data-src=\"https:\/\/niesakramentalni.pl\/wp-content\/gallery\/msza\/msza_3.jpg\"\n               data-thumbnail=\"https:\/\/niesakramentalni.pl\/wp-content\/gallery\/msza\/thumbs\/thumbs_msza_3.jpg\"\n               data-image-id=\"315\"\n               data-title=\"msza_3\"\n               data-description=\"\"\n               data-image-slug=\"msza_3-1\"\n               class=\"ngg-fancybox\" rel=\"78f20d04b07de63239609258e4f905a2\">\n                <img\n                    title=\"msza_3\"\n                    alt=\"msza_3\"\n                    src=\"https:\/\/niesakramentalni.pl\/wp-content\/gallery\/msza\/thumbs\/thumbs_msza_3.jpg\"\n                    width=\"240\"\n                    height=\"160\"\n                    style=\"max-width:100%;\"\n                \/>\n            <\/a>\n        <\/div>\n\t\t\t\t\t\t\t<\/div> \n\t\t\t\n\t\t\t\t<div id=\"ngg-image-3\" class=\"ngg-gallery-thumbnail-box ngg-4-columns\" >\n\t\t\t\t        <div class=\"ngg-gallery-thumbnail\">\n            <a href=\"https:\/\/niesakramentalni.pl\/wp-content\/gallery\/msza\/msza_4.jpg\"\n               title=\"\"\n               data-src=\"https:\/\/niesakramentalni.pl\/wp-content\/gallery\/msza\/msza_4.jpg\"\n               data-thumbnail=\"https:\/\/niesakramentalni.pl\/wp-content\/gallery\/msza\/thumbs\/thumbs_msza_4.jpg\"\n               data-image-id=\"316\"\n               data-title=\"msza_4\"\n               data-description=\"\"\n               data-image-slug=\"msza_4-1\"\n               class=\"ngg-fancybox\" rel=\"78f20d04b07de63239609258e4f905a2\">\n                <img\n                    title=\"msza_4\"\n                    alt=\"msza_4\"\n                    src=\"https:\/\/niesakramentalni.pl\/wp-content\/gallery\/msza\/thumbs\/thumbs_msza_4.jpg\"\n                    width=\"240\"\n                    height=\"160\"\n                    style=\"max-width:100%;\"\n                \/>\n            <\/a>\n        <\/div>\n\t\t\t\t\t\t\t<\/div> \n\t\t\t\n\t\t\t\t<div id=\"ngg-image-4\" class=\"ngg-gallery-thumbnail-box ngg-4-columns\" >\n\t\t\t\t        <div class=\"ngg-gallery-thumbnail\">\n            <a href=\"https:\/\/niesakramentalni.pl\/wp-content\/gallery\/msza\/msza_5.jpg\"\n               title=\"\"\n               data-src=\"https:\/\/niesakramentalni.pl\/wp-content\/gallery\/msza\/msza_5.jpg\"\n               data-thumbnail=\"https:\/\/niesakramentalni.pl\/wp-content\/gallery\/msza\/thumbs\/thumbs_msza_5.jpg\"\n               data-image-id=\"317\"\n               data-title=\"msza_5\"\n               data-description=\"\"\n               data-image-slug=\"msza_5-1\"\n               class=\"ngg-fancybox\" rel=\"78f20d04b07de63239609258e4f905a2\">\n                <img\n                    title=\"msza_5\"\n                    alt=\"msza_5\"\n                    src=\"https:\/\/niesakramentalni.pl\/wp-content\/gallery\/msza\/thumbs\/thumbs_msza_5.jpg\"\n                    width=\"240\"\n                    height=\"160\"\n                    style=\"max-width:100%;\"\n                \/>\n            <\/a>\n        <\/div>\n\t\t\t\t\t\t\t<\/div> \n\t\t\t\n\t\t\t\t<div id=\"ngg-image-5\" class=\"ngg-gallery-thumbnail-box ngg-4-columns\" >\n\t\t\t\t        <div class=\"ngg-gallery-thumbnail\">\n            <a href=\"https:\/\/niesakramentalni.pl\/wp-content\/gallery\/msza\/msza_6.jpg\"\n               title=\"\"\n               data-src=\"https:\/\/niesakramentalni.pl\/wp-content\/gallery\/msza\/msza_6.jpg\"\n               data-thumbnail=\"https:\/\/niesakramentalni.pl\/wp-content\/gallery\/msza\/thumbs\/thumbs_msza_6.jpg\"\n               data-image-id=\"318\"\n               data-title=\"msza_6\"\n               data-description=\"\"\n               data-image-slug=\"msza_6-1\"\n               class=\"ngg-fancybox\" rel=\"78f20d04b07de63239609258e4f905a2\">\n                <img\n                    title=\"msza_6\"\n                    alt=\"msza_6\"\n                    src=\"https:\/\/niesakramentalni.pl\/wp-content\/gallery\/msza\/thumbs\/thumbs_msza_6.jpg\"\n                    width=\"240\"\n                    height=\"160\"\n                    style=\"max-width:100%;\"\n                \/>\n            <\/a>\n        <\/div>\n\t\t\t\t\t\t\t<\/div> \n\t\t\t\n\t\n\t<br style=\"clear: both\" \/>\n\n\t\t<div class=\"slideshowlink\">\n        <a href='https:\/\/niesakramentalni.pl\/index.php\/nggallery\/slideshow?page_id=1105'>&#091;POKAZ SLAJD\u00d3W&#093;<\/a>\n\t\t\n\t<\/div>\n\t\n\t\t<!-- Pagination -->\n\t<div class='ngg-clear'><\/div>\t<\/div>\n\n","protected":false},"excerpt":{"rendered":"<p>Msza \u015bwi\u0119ta dla ma\u0142\u017ce\u0144stw niesakramentalnych i ich rodzin&nbsp; &#8211; ka\u017cda pierwsza niedziela miesi\u0105ca. Na naszych mszach czytania z Pisma \u015bw. powierza si\u0119 cz\u0142onkom wsp\u00f3lnoty. Komunia duchowa &#8211; b\u0142ogos\u0142awie\u0144stwo Naj\u015bwi\u0119tszym Sakramentem. &#8221; order_by=&#8221;sortorder&#8221; order_direction=&#8221;ASC&#8221; returns=&#8221;included&#8221; maximum_entity_count=&#8221;500&#8243;]<\/p>\n","protected":false},"author":1,"featured_media":0,"parent":1069,"menu_order":0,"comment_status":"closed","ping_status":"closed","template":"","meta":{"ngg_post_thumbnail":0,"footnotes":""},"_links":{"self":[{"href":"https:\/\/niesakramentalni.pl\/index.php?rest_route=\/wp\/v2\/pages\/1105"}],"collection":[{"href":"https:\/\/niesakramentalni.pl\/index.php?rest_route=\/wp\/v2\/pages"}],"about":[{"href":"https:\/\/niesakramentalni.pl\/index.php?rest_route=\/wp\/v2\/types\/page"}],"author":[{"embeddable":true,"href":"https:\/\/niesakramentalni.pl\/index.php?rest_route=\/wp\/v2\/users\/1"}],"replies":[{"embeddable":true,"href":"https:\/\/niesakramentalni.pl\/index.php?rest_route=%2Fwp%2Fv2%2Fcomments&post=1105"}],"version-history":[{"count":3,"href":"https:\/\/niesakramentalni.pl\/index.php?rest_route=\/wp\/v2\/pages\/1105\/revisions"}],"predecessor-version":[{"id":1677,"href":"https:\/\/niesakramentalni.pl\/index.php?rest_route=\/wp\/v2\/pages\/1105\/revisions\/1677"}],"up":[{"embeddable":true,"href":"https:\/\/niesakramentalni.pl\/index.php?rest_route=\/wp\/v2\/pages\/1069"}],"wp:attachment":[{"href":"https:\/\/niesakramentalni.pl\/index.php?rest_route=%2Fwp%2Fv2%2Fmedia&parent=1105"}],"curies":[{"name":"wp","href":"https:\/\/api.w.org\/{rel}","templated":true}]}}