{"id":1099,"date":"2018-03-28T23:37:16","date_gmt":"2018-03-28T21:37:16","guid":{"rendered":"http:\/\/stowarzyszeniesos.pl\/?page_id=1099"},"modified":"2024-01-16T15:15:06","modified_gmt":"2024-01-16T14:15:06","slug":"kontakt","status":"publish","type":"page","link":"https:\/\/niesakramentalni.pl\/?page_id=1099","title":{"rendered":"KONTAKT"},"content":{"rendered":"<p><span style=\"font-size: 12pt;\">Masz pytanie, w\u0105tpliwo\u015bci, uwagi, kt\u00f3rymi chcia\u0142by\u015b si\u0119 podzieli\u0107 z administratorem strony, ojcem Mieczys\u0142awem lub spo\u0142eczno\u015bci\u0105 niesakramentalnych?<br \/>\nNapisz: <a href=\"mailto:niesakramentalni3@gmail.com\">admin_niesakramentalni<\/a><br \/>\n<\/span><\/p>\n<p>&nbsp;<\/p>\n<p><span style=\"font-size: 12pt;\">&nbsp;&nbsp;&nbsp;&nbsp;&nbsp;&nbsp;&nbsp;&nbsp;&nbsp;&nbsp;&nbsp;&nbsp;<br \/>\n<\/span><\/p>\n<p><span style=\"font-size: 12pt;\">&nbsp;<\/span><\/p>\n<p>&nbsp;<\/p>\n","protected":false},"excerpt":{"rendered":"<p>Masz pytanie, w\u0105tpliwo\u015bci, uwagi, kt\u00f3rymi chcia\u0142by\u015b si\u0119 podzieli\u0107 z administratorem strony, ojcem Mieczys\u0142awem lub spo\u0142eczno\u015bci\u0105 niesakramentalnych? Napisz: admin_niesakramentalni &nbsp; &nbsp;&nbsp;&nbsp;&nbsp;&nbsp;&nbsp;&nbsp;&nbsp;&nbsp;&nbsp;&nbsp;&nbsp; &nbsp; &nbsp;<\/p>\n","protected":false},"author":1,"featured_media":0,"parent":0,"menu_order":0,"comment_status":"closed","ping_status":"closed","template":"","meta":{"ngg_post_thumbnail":0,"footnotes":""},"_links":{"self":[{"href":"https:\/\/niesakramentalni.pl\/index.php?rest_route=\/wp\/v2\/pages\/1099"}],"collection":[{"href":"https:\/\/niesakramentalni.pl\/index.php?rest_route=\/wp\/v2\/pages"}],"about":[{"href":"https:\/\/niesakramentalni.pl\/index.php?rest_route=\/wp\/v2\/types\/page"}],"author":[{"embeddable":true,"href":"https:\/\/niesakramentalni.pl\/index.php?rest_route=\/wp\/v2\/users\/1"}],"replies":[{"embeddable":true,"href":"https:\/\/niesakramentalni.pl\/index.php?rest_route=%2Fwp%2Fv2%2Fcomments&post=1099"}],"version-history":[{"count":7,"href":"https:\/\/niesakramentalni.pl\/index.php?rest_route=\/wp\/v2\/pages\/1099\/revisions"}],"predecessor-version":[{"id":3924,"href":"https:\/\/niesakramentalni.pl\/index.php?rest_route=\/wp\/v2\/pages\/1099\/revisions\/3924"}],"wp:attachment":[{"href":"https:\/\/niesakramentalni.pl\/index.php?rest_route=%2Fwp%2Fv2%2Fmedia&parent=1099"}],"curies":[{"name":"wp","href":"https:\/\/api.w.org\/{rel}","templated":true}]}}