{"id":1087,"date":"2018-03-28T23:25:30","date_gmt":"2018-03-28T21:25:30","guid":{"rendered":"http:\/\/stowarzyszeniesos.pl\/?page_id=1087"},"modified":"2018-04-07T22:34:43","modified_gmt":"2018-04-07T20:34:43","slug":"tez-warto","status":"publish","type":"page","link":"https:\/\/niesakramentalni.pl\/?page_id=1087","title":{"rendered":"Te\u017c warto"},"content":{"rendered":"<p><span style=\"font-size: 12pt;\">Referat <b>o. Mieczys\u0142awa \u0141usiaka<\/b>:<u><i> Duszpasterstwo zwi\u0105zk\u00f3w niesakramentalnych po Synodzie &#8211; sugestie dotycz\u0105ce praktyki<\/i><\/u> wyg\u0142oszony na spotkaniu duszpasterzy ma\u0142\u017ce\u0144stw niesakramentalnych 24.05.2016r.<b> <a href=\"http:\/\/www.niesakramentalni.pl\/wp-content\/uploads\/2018\/03\/2016-05-referat.mp3\">WYS\u0141UCHAJ<i>&nbsp;<br \/>\n<\/i><\/a><\/b><\/span><\/p>\n<p><span style=\"font-size: 12pt;\">O <b>komunii dla ma\u0142\u017conk\u00f3w niesakramentalnych<\/b>, <b>stosunku Ko\u015bcio\u0142a do os\u00f3b rozwiedzionych \u017cyj\u0105cych w ponownych zwi\u0105zkach<\/b> &#8211; w dyskusji wywo\u0142anej w zwi\u0105zku z Synodem biskup\u00f3w nt. rodziny &#8211; referat ks. prof. Dariusza Kowalczyka SJ wyg\u0142oszony podczas 368. zebrania Konferencji Episkopatu Polski (11-12.03.2015r.) <a href=\"http:\/\/www.niesakramentalni.pl\/wp-content\/uploads\/2018\/03\/2015_Kowalczyk.pdf\"><b>Czytaj<br \/>\n<\/b><\/a><\/span><\/p>\n<p><span style=\"font-size: 12pt;\">W tocz\u0105cej si\u0119 dyskusji o <b>komunii dla rozwiedzionych<\/b> \u017cyj\u0105cych w ponownym zwi\u0105zku &#8211; kapitalny g\u0142os A. Szustaka o Bo\u017cym Mi\u0142osierdziu: Spowied\u017a Judasza, 29.05.2014r. <a href=\"http:\/\/www.youtube.com\/watch?v=i9k90bbBpC8\"><b>pos\u0142uchaj<br \/>\n<\/b><\/a><\/span><\/p>\n<p><span style=\"font-size: 12pt;\"><b>ZWI\u0104ZKI NIESAKRAMENTALNE NIE S\u0104 GORSZE PRZED BOGIEM <\/b>&#8211; to tytu\u0142 artyku\u0142u w Tygodniku Katolickim Niedziela (15.04.2014r.) b\u0119d\u0105cego zapisem rozmowy redaktor H.Honisz z biskupem Andrzejem Czaj\u0105, ordynariuszem opolskim, przewodnicz\u0105cym Komisji Nauki Wiary KEP. <\/span><span style=\"font-size: 12pt;\"><a href=\"http:\/\/www.niedziela.pl\/artykul\/8949\/Bp-Czaja-zwiazki-niesakramentalne-nie-sa\"><b>PRZECZYTAJ!<br \/>\n<\/b><\/a><\/span><\/p>\n<p><span style=\"font-size: 12pt;\"><b>S\u0142owa Biskupa Opolskiego wyg\u0142oszone 13.04.2014r. podczas nabo\u017ce\u0144stwa dla os\u00f3b \u017cyj\u0105cych w zwi\u0105zkach niesakramentalnych<\/b> &#8211; <i><b><a href=\"http:\/\/www.diecezja.opole.pl\/index.php\/wiadomosci\/kronika\/2576-nabozenstwo-dla-osob-zyjacych-w-zwiazkach-niesakramentalnych\">przeczytaj<br \/>\n<\/a><\/b><\/i><\/span><\/p>\n","protected":false},"excerpt":{"rendered":"<p>Referat o. Mieczys\u0142awa \u0141usiaka: Duszpasterstwo zwi\u0105zk\u00f3w niesakramentalnych po Synodzie &#8211; sugestie dotycz\u0105ce praktyki wyg\u0142oszony na spotkaniu duszpasterzy ma\u0142\u017ce\u0144stw niesakramentalnych 24.05.2016r. WYS\u0141UCHAJ&nbsp; O komunii dla ma\u0142\u017conk\u00f3w niesakramentalnych, stosunku Ko\u015bcio\u0142a do os\u00f3b rozwiedzionych \u017cyj\u0105cych w ponownych zwi\u0105zkach &#8211; w dyskusji wywo\u0142anej w zwi\u0105zku z Synodem biskup\u00f3w nt. rodziny &#8211; referat ks. prof. Dariusza Kowalczyka SJ wyg\u0142oszony podczas <a href=\"https:\/\/niesakramentalni.pl\/?page_id=1087\" class=\"more-link\">[&hellip;]<\/a><\/p>\n","protected":false},"author":1,"featured_media":0,"parent":1077,"menu_order":0,"comment_status":"closed","ping_status":"closed","template":"","meta":{"ngg_post_thumbnail":0,"footnotes":""},"_links":{"self":[{"href":"https:\/\/niesakramentalni.pl\/index.php?rest_route=\/wp\/v2\/pages\/1087"}],"collection":[{"href":"https:\/\/niesakramentalni.pl\/index.php?rest_route=\/wp\/v2\/pages"}],"about":[{"href":"https:\/\/niesakramentalni.pl\/index.php?rest_route=\/wp\/v2\/types\/page"}],"author":[{"embeddable":true,"href":"https:\/\/niesakramentalni.pl\/index.php?rest_route=\/wp\/v2\/users\/1"}],"replies":[{"embeddable":true,"href":"https:\/\/niesakramentalni.pl\/index.php?rest_route=%2Fwp%2Fv2%2Fcomments&post=1087"}],"version-history":[{"count":3,"href":"https:\/\/niesakramentalni.pl\/index.php?rest_route=\/wp\/v2\/pages\/1087\/revisions"}],"predecessor-version":[{"id":1191,"href":"https:\/\/niesakramentalni.pl\/index.php?rest_route=\/wp\/v2\/pages\/1087\/revisions\/1191"}],"up":[{"embeddable":true,"href":"https:\/\/niesakramentalni.pl\/index.php?rest_route=\/wp\/v2\/pages\/1077"}],"wp:attachment":[{"href":"https:\/\/niesakramentalni.pl\/index.php?rest_route=%2Fwp%2Fv2%2Fmedia&parent=1087"}],"curies":[{"name":"wp","href":"https:\/\/api.w.org\/{rel}","templated":true}]}}