{"id":1085,"date":"2018-03-28T23:24:59","date_gmt":"2018-03-28T21:24:59","guid":{"rendered":"http:\/\/stowarzyszeniesos.pl\/?page_id=1085"},"modified":"2024-01-19T16:38:01","modified_gmt":"2024-01-19T15:38:01","slug":"pisali-o-nas","status":"publish","type":"page","link":"https:\/\/niesakramentalni.pl\/?page_id=1085","title":{"rendered":"Pisali o nas"},"content":{"rendered":"<ul>\n<li><span style=\"font-size: 14px;\">Przewodnik Katolicki nr 18\/2006 &#8211; <a href=\"https:\/\/niesakramentalni.pl\/wp-content\/uploads\/2018\/03\/2006-Prz.-Katolicki-.pdf\" rel=\"nofollow\">wywiad po rekolekcjach wielkopostnych (.pdf)<\/a><\/span><\/li>\n<li><span style=\"font-size: 14px;\">Przewodnik Katolicki nr 19\/2007 &#8211; <a href=\"https:\/\/niesakramentalni.pl\/wp-content\/uploads\/2018\/03\/2007-Przew.-Katolicki-.pdf\">wywiad po rekolekcjach wielkopostnych (.pdf)<\/a> <\/span><\/li>\n<li><span style=\"font-size: 14px;\">Przewodnik Katolicki nr 15\/2008 &#8211; <a href=\"https:\/\/niesakramentalni.pl\/wp-content\/uploads\/2018\/03\/2008-Przew.Katolicki-.pdf\">wywiad po rekolekcjach wielkopostnych (.pdf) <\/a><\/span><\/li>\n<li><span style=\"font-size: 14px;\">Gazeta Wyborcza z dn. 3.10.08 &#8211; <a href=\"https:\/\/niesakramentalni.pl\/wp-content\/uploads\/2008_Niebo1.pdf\">Czy rozwodnik (z drug\u0105 \u017con\u0105) p\u00f3jdzie do nieba? (.pdf)<\/a><\/span><\/li>\n<li><span style=\"font-size: 14px;\">Przewodnik Katolicki nr 17\/2009 &#8211; <a href=\"https:\/\/niesakramentalni.pl\/wp-content\/uploads\/2018\/03\/2009-PrzewodnikKatolicki.pdf\">wywiad po rekolekcjach wielkopostnych (.pdf)<\/a> <\/span><\/li>\n<li><span style=\"font-size: 14px;\">Przegl\u0105d powszechny nr 6\/2011&nbsp; &#8211; <a href=\"https:\/\/niesakramentalni.pl\/wp-content\/uploads\/2018\/03\/2011-Pp.pdf\">Gorzko &#8211; s\u0142odkie duszpasterstwo(.pdf)<\/a>&nbsp;<\/span><\/li>\n<li><span style=\"font-size: 14px;\"> Gazeta Wyborcza z dn. 24.02.2012 &#8211;&nbsp; <a href=\"https:\/\/niesakramentalni.pl\/wp-content\/uploads\/2012_GW_Kosciol-tez-dla-was.pdf\">Bydgoskie parafie wyci\u0105gaj\u0105 r\u0119k\u0119 do rozwiedzionych<\/a><\/span><\/li>\n<li><span style=\"font-size: 14px;\">DEON.pl z dn. 23.09.2016&nbsp; &nbsp; &nbsp; &nbsp; &nbsp; &#8211;&nbsp;<a href=\"https:\/\/www.deon.pl\/religia\/swiadectwa\/art,119,nasza-amoris-laetitia-swiadectwo-malzenstw-niesakramentalnych.html\">Nasza&nbsp;Amoris laetitia&nbsp;&#8211; \u015bwiadectwo niesakramentalnych<\/a><\/span><\/li>\n<li><span style=\"font-size: 14px;\">Przewodnik Katolicki nr 17\/2017 &#8211; <a href=\"https:\/\/niesakramentalni.pl\/wp-content\/uploads\/2017-Bog-przychodzi.pdf\">B\u00f3g przychodzi do ka\u017cdego (.pdf) (po rekolekcjach)<\/a><\/span><\/li>\n<li>WPROST nr 52\/2023&nbsp;&nbsp;&nbsp;&nbsp;&nbsp;&nbsp;&nbsp;&nbsp;&nbsp;&nbsp;&nbsp;&nbsp;&nbsp;&nbsp;&nbsp;&nbsp;&nbsp;&nbsp; &#8211;&nbsp; <a href=\"https:\/\/niesakramentalni.pl\/wp-content\/uploads\/Dzieci-gorszego-Boga.-Malzenstwa-niesakramentalne-w-Kosciele-Katolickim-1.pdf\">Dzieci gorszego Boga (.pdf)<\/a><\/li>\n<\/ul>\n","protected":false},"excerpt":{"rendered":"<p>Przewodnik Katolicki nr 18\/2006 &#8211; wywiad po rekolekcjach wielkopostnych (.pdf) Przewodnik Katolicki nr 19\/2007 &#8211; wywiad po rekolekcjach wielkopostnych (.pdf) Przewodnik Katolicki nr 15\/2008 &#8211; wywiad po rekolekcjach wielkopostnych (.pdf) Gazeta Wyborcza z dn. 3.10.08 &#8211; Czy rozwodnik (z drug\u0105 \u017con\u0105) p\u00f3jdzie do nieba? (.pdf) Przewodnik Katolicki nr 17\/2009 &#8211; wywiad po rekolekcjach wielkopostnych (.pdf) <a href=\"https:\/\/niesakramentalni.pl\/?page_id=1085\" class=\"more-link\">[&hellip;]<\/a><\/p>\n","protected":false},"author":1,"featured_media":0,"parent":1077,"menu_order":0,"comment_status":"closed","ping_status":"closed","template":"","meta":{"ngg_post_thumbnail":0,"footnotes":""},"_links":{"self":[{"href":"https:\/\/niesakramentalni.pl\/index.php?rest_route=\/wp\/v2\/pages\/1085"}],"collection":[{"href":"https:\/\/niesakramentalni.pl\/index.php?rest_route=\/wp\/v2\/pages"}],"about":[{"href":"https:\/\/niesakramentalni.pl\/index.php?rest_route=\/wp\/v2\/types\/page"}],"author":[{"embeddable":true,"href":"https:\/\/niesakramentalni.pl\/index.php?rest_route=\/wp\/v2\/users\/1"}],"replies":[{"embeddable":true,"href":"https:\/\/niesakramentalni.pl\/index.php?rest_route=%2Fwp%2Fv2%2Fcomments&post=1085"}],"version-history":[{"count":5,"href":"https:\/\/niesakramentalni.pl\/index.php?rest_route=\/wp\/v2\/pages\/1085\/revisions"}],"predecessor-version":[{"id":3961,"href":"https:\/\/niesakramentalni.pl\/index.php?rest_route=\/wp\/v2\/pages\/1085\/revisions\/3961"}],"up":[{"embeddable":true,"href":"https:\/\/niesakramentalni.pl\/index.php?rest_route=\/wp\/v2\/pages\/1077"}],"wp:attachment":[{"href":"https:\/\/niesakramentalni.pl\/index.php?rest_route=%2Fwp%2Fv2%2Fmedia&parent=1085"}],"curies":[{"name":"wp","href":"https:\/\/api.w.org\/{rel}","templated":true}]}}