{"id":1083,"date":"2018-03-28T23:24:32","date_gmt":"2018-03-28T21:24:32","guid":{"rendered":"http:\/\/stowarzyszeniesos.pl\/?page_id=1083"},"modified":"2018-04-11T11:02:24","modified_gmt":"2018-04-11T09:02:24","slug":"audycje","status":"publish","type":"page","link":"https:\/\/niesakramentalni.pl\/?page_id=1083","title":{"rendered":"Audycje"},"content":{"rendered":"<p><span style=\"font-size: 12pt;\">1. <a href=\"https:\/\/niesakramentalni.pl\/wp-content\/uploads\/audio\/pik.mp3\">O MA\u0141\u017bE\u0143STWACH NIESAKRAMENTALNYCH<\/a><a href=\"http:\/\/www.niesakramentalni.pl\/uploads\/audycja\/pik.mp3\">.<\/a>&nbsp; Audycja red. Ewy D\u0105browskiej z Polskiego Radia PiK Pierwszy dzie\u0144 tygodnia<i><b>. <\/b><\/i>Emisja dnia 1 lutego 2009 roku.&nbsp;&nbsp; <\/span><br \/>\n<span style=\"font-size: 12pt;\">W audycji m.in. wypowiedzi uczestnik\u00f3w <i>Duszpasterstwa ma\u0142\u017ce\u0144stw niesakramentalnych&nbsp; <\/i>dzia\u0142aj\u0105cego przy ko\u015bciele o.o.Jezuit\u00f3w w Bydgoszczy.<\/span><\/p>\n<p><span style=\"font-size: 12pt;\">2. <a href=\"https:\/\/youtu.be\/77TJRW-O4go\">Program TVP Bydgoszcz &#8222;HORYZONT &#8222;- Magazyn religijny z dnia 28.03.2010r.<\/a> na temat miejsca ma\u0142\u017ce\u0144stw niesakramentalnych w Ko\u015bciele Katolickim.<br \/>\n<\/span><span style=\"font-size: 12pt;\">W programie wypowiedzi o. Mieczys\u0142awa o stosunku Ko\u015bcio\u0142a do rozwiedzionych, \u017cyj\u0105cych w powt\u00f3rnych zwi\u0105zkach oraz \u015bwiadectwa uczestnik\u00f3w naszej Wsp\u00f3lnoty.<\/span><\/p>\n<p><span style=\"font-size: 12pt;\">3. Fragment programu <a href=\"https:\/\/www.youtube.com\/watch?v=JN6vfNC2wp4\">&#8222;Ko\u015bci\u00f3\u0142 z bliska&#8221; TVP Info z dnia 14.12.2014 roku<\/a> &#8211; po I cz\u0119\u015bci synodu biskup\u00f3w na temat rodziny.<\/span><br \/>\n<span style=\"font-size: 12pt;\">W programie wypowiedzi cz\u0142onk\u00f3w naszej Wsp\u00f3lnoty, kt\u00f3rzy komentuj\u0105 s\u0142owa i postaw\u0119 papie\u017ca Franciszka w stosunku do ma\u0142\u017conk\u00f3w niesakramentalnych.<\/span><\/p>\n","protected":false},"excerpt":{"rendered":"<p>1. O MA\u0141\u017bE\u0143STWACH NIESAKRAMENTALNYCH.&nbsp; Audycja red. Ewy D\u0105browskiej z Polskiego Radia PiK Pierwszy dzie\u0144 tygodnia. Emisja dnia 1 lutego 2009 roku.&nbsp;&nbsp; W audycji m.in. wypowiedzi uczestnik\u00f3w Duszpasterstwa ma\u0142\u017ce\u0144stw niesakramentalnych&nbsp; dzia\u0142aj\u0105cego przy ko\u015bciele o.o.Jezuit\u00f3w w Bydgoszczy. 2. Program TVP Bydgoszcz &#8222;HORYZONT &#8222;- Magazyn religijny z dnia 28.03.2010r. na temat miejsca ma\u0142\u017ce\u0144stw niesakramentalnych w Ko\u015bciele Katolickim. W <a href=\"https:\/\/niesakramentalni.pl\/?page_id=1083\" class=\"more-link\">[&hellip;]<\/a><\/p>\n","protected":false},"author":1,"featured_media":0,"parent":1077,"menu_order":0,"comment_status":"closed","ping_status":"closed","template":"","meta":{"ngg_post_thumbnail":0,"footnotes":""},"_links":{"self":[{"href":"https:\/\/niesakramentalni.pl\/index.php?rest_route=\/wp\/v2\/pages\/1083"}],"collection":[{"href":"https:\/\/niesakramentalni.pl\/index.php?rest_route=\/wp\/v2\/pages"}],"about":[{"href":"https:\/\/niesakramentalni.pl\/index.php?rest_route=\/wp\/v2\/types\/page"}],"author":[{"embeddable":true,"href":"https:\/\/niesakramentalni.pl\/index.php?rest_route=\/wp\/v2\/users\/1"}],"replies":[{"embeddable":true,"href":"https:\/\/niesakramentalni.pl\/index.php?rest_route=%2Fwp%2Fv2%2Fcomments&post=1083"}],"version-history":[{"count":3,"href":"https:\/\/niesakramentalni.pl\/index.php?rest_route=\/wp\/v2\/pages\/1083\/revisions"}],"predecessor-version":[{"id":2562,"href":"https:\/\/niesakramentalni.pl\/index.php?rest_route=\/wp\/v2\/pages\/1083\/revisions\/2562"}],"up":[{"embeddable":true,"href":"https:\/\/niesakramentalni.pl\/index.php?rest_route=\/wp\/v2\/pages\/1077"}],"wp:attachment":[{"href":"https:\/\/niesakramentalni.pl\/index.php?rest_route=%2Fwp%2Fv2%2Fmedia&parent=1083"}],"curies":[{"name":"wp","href":"https:\/\/api.w.org\/{rel}","templated":true}]}}