{"id":1081,"date":"2018-03-28T23:24:08","date_gmt":"2018-03-28T21:24:08","guid":{"rendered":"http:\/\/stowarzyszeniesos.pl\/?page_id=1081"},"modified":"2019-04-20T10:30:46","modified_gmt":"2019-04-20T08:30:46","slug":"rekolekcje-i-homilie","status":"publish","type":"page","link":"https:\/\/niesakramentalni.pl\/?page_id=1081","title":{"rendered":"Rekolekcje i homilie"},"content":{"rendered":"<p><span style=\"font-size: 12pt;\">1. Homilia o. Mieczys\u0142awa wyg\u0142oszona podczas mszy w 1. niedziel\u0119 pa\u017adziernika 2008 r.:<\/span><br \/>\n<span style=\"font-size: 12pt;\"><a href=\"https:\/\/niesakramentalni.pl\/wp-content\/uploads\/2018\/03\/20081005-Niebo.mp3\"><i>CZY OSOBY \u017bYJ\u0104CE W&nbsp; MA\u0141\u017bE\u0143STWACH&nbsp; NIESAKRAMENTALNYCH<\/i> MAJ\u0104 SZANS\u0118 NA NIEBO?<br \/>\n<\/a><\/span><br \/>\n<span style=\"font-size: 12pt;\">2. Rekolekcje wielkopostne dla ma\u0142\u017ce\u0144stw niesakramentalnych 30.03 &#8211; 1.04.2009r.<\/span><br \/>\n<span style=\"font-size: 12pt;\">&nbsp;&nbsp;&nbsp; \/o. Mieczys\u0142aw \u0141usiak SJ\/<\/span><br \/>\n<span style=\"font-size: 12pt;\">&nbsp;&nbsp;&nbsp;&nbsp; <a href=\"https:\/\/niesakramentalni.pl\/wp-content\/uploads\/2018\/03\/rekol-2009-1.mp3\">1. dzie\u0144 &#8211; &#8230;by nie czuli si\u0119 od\u0142\u0105czeni od Ko\u015bcio\u0142a<\/a><\/span><br \/>\n<span style=\"font-size: 12pt;\">&nbsp;&nbsp;&nbsp;&nbsp;<a href=\"https:\/\/niesakramentalni.pl\/wp-content\/uploads\/2018\/03\/rekol-2009-2.mp3\"> 2. dzie\u0144 &#8211; Rachunek sumienia<\/a><\/span><br \/>\n<span style=\"font-size: 12pt;\">&nbsp;&nbsp;&nbsp;&nbsp;<a href=\"https:\/\/niesakramentalni.pl\/wp-content\/uploads\/2018\/03\/rekol-2009-3.mp3\"> 3. dzie\u0144 &#8211; Komunia duchowa<\/a><\/span><\/p>\n<p><span style=\"font-size: 12pt;\">3. Homilia o. Mieczys\u0142awa wyg\u0142oszona podczas mszy w 1. niedziel\u0119 pa\u017adziernika 2009 r.:<\/span><br \/>\n<span style=\"color: #000080; font-size: 12pt;\"><a href=\"https:\/\/niesakramentalni.pl\/wp-content\/uploads\/2018\/03\/kazanie-niesakr-04-10-2009.mp3\"><i>CZY OSOBY \u017bYJ\u0104CE W MA\u0141\u017bE\u0143STWACH NIESAKRAMENTALNYCH P\u00d3JD\u0104 DO NIEBA?<\/i><\/a><\/span><\/p>\n<p><span style=\"font-size: 12pt;\">4. Homilia o. Mieczys\u0142awa podczas mszy \u015bwi\u0119tej w 1. niedziel\u0119 pa\u017adziernika 2010r. <\/span><br \/>\n<span style=\"color: #000080; font-size: 12pt;\"><a href=\"https:\/\/niesakramentalni.pl\/wp-content\/uploads\/2018\/03\/niebo2010.mp3\"><em>CZY OSOBY \u017bYJ\u0104CE W MA\u0141\u017bE\u0143STWIE NIESAKRAMENTALNYM P\u00d3JD\u0104 DO NIEBA?<\/em><\/a><\/span><\/p>\n<p><span style=\"font-size: 12pt;\">5. Rekolekcje wielkopostne dla ma\u0142\u017ce\u0144stw niesakramentalnych 18 &#8211; 20.04.2011r.<\/span><br \/>\n<span style=\"font-size: 12pt;\">&nbsp;&nbsp;&nbsp; &#8222;Mi\u0142osierdzie przewy\u017csza sprawiedliwo\u015b\u0107&#8221; \/o. Mieczys\u0142aw \u0141usiak SJ\/<\/span><br \/>\n<span style=\"font-size: 12pt;\">&nbsp;&nbsp;&nbsp; <a href=\"https:\/\/niesakramentalni.pl\/wp-content\/uploads\/2018\/04\/2011-rek1.mp3\">1. dzie\u0144 &#8211; Jeste\u015bcie w Ko\u015bciele<\/a><\/span><br \/>\n<span style=\"font-size: 12pt;\">&nbsp;&nbsp;&nbsp; <a href=\"https:\/\/niesakramentalni.pl\/wp-content\/uploads\/2018\/04\/2011-rek2.mp3\">2. dzie\u0144 &#8211; Przebaczenie grzech\u00f3w<\/a><\/span><br \/>\n<span style=\"font-size: 12pt;\">&nbsp;&nbsp;&nbsp; <a href=\"https:\/\/niesakramentalni.pl\/wp-content\/uploads\/2018\/04\/2011-rek3.mp3\">3. dzie\u0144 &#8211; Komunia duchowa<\/a><\/span><\/p>\n<p><span style=\"font-size: 12pt;\">6. Homilia o. Mieczys\u0142awa podczas mszy \u015bwi\u0119tej w 1. niedziel\u0119 pa\u017adziernika 2011r. <\/span><br \/>\n<span style=\"font-size: 12pt;\"><a href=\"https:\/\/niesakramentalni.pl\/wp-content\/uploads\/2018\/03\/2011-adhortacja.mp3\">ADHORTACJA JP II A KO\u015aCIELNA RZECZYWISTO\u015a\u0106.<\/a><\/span><\/p>\n<p><span style=\"font-size: 12pt;\">7. Rekolekcje wielkopostne dla ma\u0142\u017ce\u0144stw niesakramentalnych 30.03 &#8211; 1.04. 2012r.<\/span><br \/>\n<span style=\"font-size: 12pt;\">&nbsp;&nbsp;&nbsp; &#8222;Uwiod\u0142e\u015b mnie Panie&#8221;. \/o. Wac\u0142aw Oszajca SJ\/ &nbsp; <\/span><br \/>\n<span style=\"font-size: 12pt;\">&nbsp;&nbsp;&nbsp; <a href=\"https:\/\/niesakramentalni.pl\/wp-content\/uploads\/2018\/03\/2012-1.mp3\">1. dzie\u0144 &#8211; aposto\u0142 Piotr<\/a><\/span><br \/>\n<span style=\"font-size: 12pt;\">&nbsp;&nbsp;&nbsp; <a href=\"https:\/\/niesakramentalni.pl\/wp-content\/uploads\/2018\/03\/2012-2.mp3\">2. dzie\u0144 &#8211; Judasz Iskariota<\/a><\/span><br \/>\n<span style=\"font-size: 12pt;\">&nbsp;&nbsp;&nbsp; <a href=\"https:\/\/niesakramentalni.pl\/wp-content\/uploads\/2018\/03\/2012-3.mp3\">3. dzie\u0144 &#8211; Matka Bo\u017ca<\/a><\/span><\/p>\n<p><span style=\"font-size: 12pt;\">8. Homilia o. Mieczys\u0142awa wyg\u0142oszona podczas mszy \u015bwi\u0119tej 7 pa\u017adziernika 2012r.:<\/span><br \/>\n<span style=\"font-size: 12pt;\"><a href=\"http:\/\/www.niesakramentalni.pl\/wp-content\/uploads\/2018\/03\/2012-10-07-kazanie.mp3\"><em>CO KO\u015aCI\u00d3\u0141 MA DO ZAOFEROWANIA MA\u0141\u017bE\u0143STWOM NIESAKRAMENTALNYM?<\/em><\/a><\/span><\/p>\n<p><span style=\"font-size: 12pt;\">9. Rekolekcje dla ma\u0142\u017ce\u0144stw i zwi\u0105zk\u00f3w niesakramentalnych w Parafii \u015bw. J\u00f3zefa w Toruniu&nbsp;&nbsp; <\/span><br \/>\n<span style=\"font-size: 12pt;\">24-26.02. 2013 r. \/o. Mieczys\u0142aw \u0141usiak SJ\/<\/span><br \/>\n<span style=\"font-size: 12pt;\">&nbsp;&nbsp;&nbsp;<a href=\"http:\/\/www.niesakramentalni.pl\/wp-content\/uploads\/2018\/03\/Torun-rekol1.mp3\"> 1. dzie\u0144<\/a><\/span><br \/>\n<span style=\"font-size: 12pt;\">&nbsp;&nbsp;&nbsp; <a href=\"http:\/\/www.niesakramentalni.pl\/wp-content\/uploads\/2018\/03\/Torun-rekol2.mp3\">2. dzie\u0144<\/a><\/span><br \/>\n<span style=\"font-size: 12pt;\">&nbsp;&nbsp;&nbsp; <a href=\"http:\/\/www.niesakramentalni.pl\/wp-content\/uploads\/2018\/03\/Torun-rekol3.mp3\">3. dzie\u0144<\/a><\/span><\/p>\n<p><span style=\"font-size: 12pt;\">10. Rekolekcje&nbsp; wielkopostne dla ma\u0142\u017ce\u0144stw niesakramentalnych 22 &#8211; 27. 03. 2013r. <\/span><br \/>\n<span style=\"font-size: 12pt;\">&nbsp;&nbsp;&nbsp;&nbsp; \/o. Mieczys\u0142aw \u0141usiak SJ i ks. dr Zenon Niemczyk &#8211; oficja\u0142 S\u0105du Biskupiego\/<\/span><br \/>\n<span style=\"font-size: 12pt;\">&nbsp;&nbsp;&nbsp;&nbsp;&nbsp; <a href=\"https:\/\/niesakramentalni.pl\/wp-content\/uploads\/2018\/03\/2013-rekol-1.mp3\">1. Niesakramentalni! Jeste\u015bcie w Ko\u015bciele!<\/a><br \/>\n<\/span>&nbsp;&nbsp;<span style=\"font-size: 12pt;\">&nbsp;&nbsp;&nbsp;<a href=\"https:\/\/niesakramentalni.pl\/wp-content\/uploads\/2018\/03\/2013-rekol-3.mp3\"> 2. B\u00f3g wam przebaczy\u0142.<\/a><\/span><\/p>\n<p><span style=\"font-size: 12pt;\">11. Homilia o. Mieczys\u0142awa wyg\u0142oszona podczas mszy w 1. niedziel\u0119 pa\u017adziernika 2013 r.:<\/span><br \/>\n<span style=\"font-size: 12pt;\">&nbsp;&nbsp;&nbsp;&nbsp;&nbsp; <a href=\"http:\/\/www.niesakramentalni.pl\/wp-content\/uploads\/2018\/03\/2013-kazanie.mp3\">Ma\u0142\u017conkowie niesakramentalni &#8211; pot\u0119pieni czy umi\u0142owani przez Ko\u015bci\u00f3\u0142?<\/a><\/span><\/p>\n<p><span style=\"font-size: 12pt;\">12. Rekolekcje wielkopostne dla ma\u0142\u017ce\u0144stw niesakramentalnych w Bydgoszczy 14 &#8211; 16.04.2014r.<\/span><br \/>\n<span style=\"font-size: 12pt;\">&nbsp;&nbsp;&nbsp;&nbsp; &#8222;B\u00f3g nigdy nie odwraca si\u0119 od cz\u0142owieka&#8221; \/o.Wojciech \u017bmudzi\u0144ski SJ\/&nbsp;<br \/>\n&nbsp;&nbsp;&nbsp; <a href=\"http:\/\/www.niesakramentalni.pl\/wp-content\/uploads\/2018\/03\/2014-1.mp3\">1. dzie\u0144<\/a><br \/>\n&nbsp;&nbsp;&nbsp; <a href=\"http:\/\/www.niesakramentalni.pl\/wp-content\/uploads\/2018\/03\/2014-2.mp3\">2. dzie\u0144<\/a><br \/>\n&nbsp;&nbsp;&nbsp; <a href=\"http:\/\/www.niesakramentalni.pl\/wp-content\/uploads\/2018\/03\/2014-3.mp3\">3. dzie\u0144<\/a><\/span><\/p>\n<p><span style=\"font-size: 12pt;\">13. Rekolekcje wielkopostne dla ma\u0142\u017ce\u0144stw niesakramentalnych 30.03 &#8211; 1.04.2015r<\/span><br \/>\n<span style=\"font-size: 12pt;\">&nbsp;&nbsp;&nbsp;&nbsp;&nbsp; \/o. Pawe\u0142 Adamarek SJ\/<\/span><br \/>\n<span style=\"font-size: 12pt;\">&nbsp;&nbsp;&nbsp;<a href=\"http:\/\/www.niesakramentalni.pl\/wp-content\/uploads\/2018\/03\/2015_1.mp3\"> 1. &#8222;Wszystko mog\u0119 w tym, kt\u00f3ry mnie umacnia&#8221; (Flp 4,13).<\/a><\/span><br \/>\n<span style=\"font-size: 12pt;\">&nbsp;&nbsp;&nbsp; <a href=\"http:\/\/www.niesakramentalni.pl\/wp-content\/uploads\/2018\/03\/2015_2.mp3\">2. Jezus Chrystus &#8211; Zbawiciel.<\/a><\/span><br \/>\n<span style=\"font-size: 12pt;\">&nbsp;&nbsp;&nbsp; <a href=\"http:\/\/www.niesakramentalni.pl\/wp-content\/uploads\/2018\/03\/2015_3.mp3\">3. Wsp\u00f3lnota.<\/a><\/span><\/p>\n<p><span style=\"font-size: 12pt;\">14.&nbsp; Homilia o. Mieczys\u0142awa podczas mszy \u015bwi\u0119tej w 1. niedziel\u0119 pa\u017adziernika 2015 r.:<\/span><br \/>\n<span style=\"font-size: 12pt;\">&nbsp;&nbsp;&nbsp;&nbsp;<a href=\"http:\/\/www.niesakramentalni.pl\/wp-content\/uploads\/2018\/03\/2015.10.04-kazanie.mp3\"><b> Nowe spojrzenie Ko\u015bcio\u0142a na ma\u0142\u017ce\u0144stwa niesakramentalne.<\/b><\/a><\/span><\/p>\n<p><span style=\"font-size: 12pt;\">15. <b>15 rekolekcje wielkopostne <\/b>dla ma\u0142\u017ce\u0144stw niesakramentalnych 21 &#8211; 23.03.2016r.<\/span><br \/>\n<span style=\"font-size: 12pt;\">&nbsp;&nbsp;&nbsp;&nbsp;&nbsp;&nbsp; &#8221; Mi\u0142o\u015b\u0107 jest Bogiem&#8221; \/o. Mieczys\u0142aw \u0141usiak SJ\/<\/span><br \/>\n<span style=\"font-size: 12pt;\">&nbsp;&nbsp; &nbsp; <a href=\"http:\/\/www.niesakramentalni.pl\/wp-content\/uploads\/2018\/03\/2016-rek1.mp3\">1 dzie\u0144 &#8211; Wolni od kar<br \/>\n<\/a>&nbsp;&nbsp;&nbsp;&nbsp; <a href=\"http:\/\/www.niesakramentalni.pl\/uploads\/Media\/2016-rek2.mp3\">2<\/a><a href=\"http:\/\/www.niesakramentalni.pl\/wp-content\/uploads\/2018\/03\/2016-rek2.mp3\"> dzie\u0144 &#8211; Rozprawa z grzechem<br \/>\n<\/a>&nbsp;&nbsp;&nbsp;&nbsp; <a href=\"http:\/\/www.niesakramentalni.pl\/wp-content\/uploads\/2018\/03\/2016-rek3.mp3\">3 dzie\u0144 &#8211; Zaproszeni na Uczt\u0119<\/a><\/span><\/p>\n<p><span style=\"font-size: 12pt;\">16. Homilia o. Mieczys\u0142awa podczas mszy \u015bwi\u0119tej w 1. niedziel\u0119 pa\u017adziernika 2016 r.:<\/span><br \/>\n<span style=\"font-size: 12pt;\">&nbsp;&nbsp;&nbsp;&nbsp;&nbsp; <a href=\"https:\/\/niesakramentalni.pl\/wp-content\/uploads\/2018\/03\/2016-10-02_Kazanie-niesakr.mp3\"><b>Czy wszystkie ma\u0142\u017ce\u0144stwa niesakramentalne \u017cyj\u0105 w grzechu?<\/b><\/a><\/span><\/p>\n<p><span style=\"font-size: 12pt;\">17. Rekolekcje wielkopostne dla ma\u0142\u017ce\u0144stw niesakramentalnych 10 &#8211; 12. 04. 2017 r.<\/span><br \/>\n<span style=\"font-size: 12pt;\">&nbsp;&nbsp;&nbsp;&nbsp;&nbsp; &#8222;Zamieszkaj we mnie&#8221;&nbsp; \/o. Dariusz Michalski SJ\/<\/span><br \/>\n<span style=\"font-size: 12pt;\">&nbsp; &nbsp; <a href=\"http:\/\/www.niesakramentalni.pl\/wp-content\/uploads\/2018\/03\/2017rek1.mp3\">1. dzie\u0144<\/a><\/span><br \/>\n<span style=\"font-size: 12pt;\">&nbsp;&nbsp;&nbsp; <a href=\"http:\/\/www.niesakramentalni.pl\/wp-content\/uploads\/2018\/03\/2017rek2.mp3\">2. dzie\u0144<\/a><\/span><br \/>\n<span style=\"font-size: 12pt;\">&nbsp;&nbsp;&nbsp; <a href=\"http:\/\/www.niesakramentalni.pl\/wp-content\/uploads\/2018\/03\/2017rek3.mp3\">3. dzie\u0144<\/a><\/span><\/p>\n<p><span style=\"font-size: 12pt;\">18. Rekolekcje wielkopostne dla ma\u0142\u017ce\u0144stw niesakramentalnych Diecezji Bydgoskiej<br \/>\n&nbsp; &nbsp; &nbsp;19 -21. 03.2018 r.&nbsp;<\/span><span style=\"font-size: 12pt;\">&nbsp;&#8221; 3 pierwsze przykazania Dekalogu&#8221; \/o. Jacek Siepsiak SJ\/<\/span><br \/>\n&nbsp;&nbsp;<span style=\"font-size: 12px;\">&nbsp;<span style=\"font-size: 14px;\"><a href=\"https:\/\/niesakramentalni.pl\/wp-content\/uploads\/2018\/03\/2018-Przykazanie1.mp3\"> 1. Przykazanie 1<\/a><br \/>\n<\/span><\/span><span style=\"font-size: 14px;\">&nbsp;&nbsp;&nbsp; <a href=\"https:\/\/niesakramentalni.pl\/wp-content\/uploads\/2018\/03\/2018-Przykazanie2.mp3\">2. Przykazanie 2<\/a><\/span><br \/>\n<span style=\"font-size: 14px;\"> &nbsp;&nbsp;&nbsp; <a href=\"https:\/\/niesakramentalni.pl\/wp-content\/uploads\/2018\/03\/2018-Przykazanie3.mp3\">3. Przykazanie 3<\/a><\/span><\/p>\n<p><span style=\"font-size: 16px;\">19. Homilia o. Mieczys\u0142awa podczas mszy \u015bwi\u0119tej w 1. niedziel\u0119 pa\u017adziernika 2018 r.:<\/span><br \/>\n<span style=\"font-size: 16px;\">&nbsp; &nbsp; &nbsp;<a href=\"https:\/\/niesakramentalni.pl\/wp-content\/uploads\/audio\/18-10_msza1.mp3\"><strong> &#8222;Gdzie jest grzech, tam jest te\u017c \u0142aska&#8221;<\/strong><\/a><\/span><\/p>\n<p><span style=\"font-size: 12pt;\">20. Rekolekcje wielkopostne dla ma\u0142\u017ce\u0144stw niesakramentalnych 15 &#8211; 17. 04. 2019 r.<br \/>\n&nbsp; &nbsp; &nbsp; &#8222;Gdybym mi\u0142o\u015bci nie mia\u0142&#8230;&#8221; \/o. Mieczys\u0142aw \u0141usiak SJ\/<br \/>\n&nbsp;<\/span><span style=\"font-size: 12pt;\"> &nbsp; <a href=\"https:\/\/niesakramentalni.pl\/wp-content\/uploads\/19-1-wiara.mp3\">&nbsp;1. dzie\u0144 &#8211; WIARA<\/a><br \/>\n&nbsp; &nbsp; &nbsp;<a href=\"https:\/\/niesakramentalni.pl\/wp-content\/uploads\/19-2-nadzieja.mp3\">2. dzie\u0144 &#8211; NADZIEJA<\/a><br \/>\n&nbsp; &nbsp; &nbsp;<a href=\"https:\/\/niesakramentalni.pl\/wp-content\/uploads\/19-3-milosc.mp3\">3. dzie\u0144 &#8211; MI\u0141O\u015a\u0106<\/a><br \/>\n<\/span><\/p>\n<p>&nbsp;<\/p>\n<p>&nbsp;<\/p>\n<p>&nbsp;<\/p>\n<p>&nbsp;<\/p>\n","protected":false},"excerpt":{"rendered":"<p>1. Homilia o. Mieczys\u0142awa wyg\u0142oszona podczas mszy w 1. niedziel\u0119 pa\u017adziernika 2008 r.: CZY OSOBY \u017bYJ\u0104CE W&nbsp; MA\u0141\u017bE\u0143STWACH&nbsp; NIESAKRAMENTALNYCH MAJ\u0104 SZANS\u0118 NA NIEBO? 2. Rekolekcje wielkopostne dla ma\u0142\u017ce\u0144stw niesakramentalnych 30.03 &#8211; 1.04.2009r. &nbsp;&nbsp;&nbsp; \/o. Mieczys\u0142aw \u0141usiak SJ\/ &nbsp;&nbsp;&nbsp;&nbsp; 1. dzie\u0144 &#8211; &#8230;by nie czuli si\u0119 od\u0142\u0105czeni od Ko\u015bcio\u0142a &nbsp;&nbsp;&nbsp;&nbsp; 2. dzie\u0144 &#8211; Rachunek sumienia &nbsp;&nbsp;&nbsp;&nbsp; <a href=\"https:\/\/niesakramentalni.pl\/?page_id=1081\" class=\"more-link\">[&hellip;]<\/a><\/p>\n","protected":false},"author":1,"featured_media":0,"parent":1077,"menu_order":0,"comment_status":"closed","ping_status":"closed","template":"","meta":{"ngg_post_thumbnail":0,"footnotes":""},"_links":{"self":[{"href":"https:\/\/niesakramentalni.pl\/index.php?rest_route=\/wp\/v2\/pages\/1081"}],"collection":[{"href":"https:\/\/niesakramentalni.pl\/index.php?rest_route=\/wp\/v2\/pages"}],"about":[{"href":"https:\/\/niesakramentalni.pl\/index.php?rest_route=\/wp\/v2\/types\/page"}],"author":[{"embeddable":true,"href":"https:\/\/niesakramentalni.pl\/index.php?rest_route=\/wp\/v2\/users\/1"}],"replies":[{"embeddable":true,"href":"https:\/\/niesakramentalni.pl\/index.php?rest_route=%2Fwp%2Fv2%2Fcomments&post=1081"}],"version-history":[{"count":3,"href":"https:\/\/niesakramentalni.pl\/index.php?rest_route=\/wp\/v2\/pages\/1081\/revisions"}],"predecessor-version":[{"id":3347,"href":"https:\/\/niesakramentalni.pl\/index.php?rest_route=\/wp\/v2\/pages\/1081\/revisions\/3347"}],"up":[{"embeddable":true,"href":"https:\/\/niesakramentalni.pl\/index.php?rest_route=\/wp\/v2\/pages\/1077"}],"wp:attachment":[{"href":"https:\/\/niesakramentalni.pl\/index.php?rest_route=%2Fwp%2Fv2%2Fmedia&parent=1081"}],"curies":[{"name":"wp","href":"https:\/\/api.w.org\/{rel}","templated":true}]}}