{"id":1077,"date":"2018-03-28T23:21:26","date_gmt":"2018-03-28T21:21:26","guid":{"rendered":"http:\/\/stowarzyszeniesos.pl\/?page_id=1077"},"modified":"2018-03-30T17:51:10","modified_gmt":"2018-03-30T15:51:10","slug":"lektury","status":"publish","type":"page","link":"https:\/\/niesakramentalni.pl\/?page_id=1077","title":{"rendered":"POCZYTAJ-POS\u0141UCHAJ"},"content":{"rendered":"<p style=\"text-align: justify;\"><span style=\"font-size: 12pt;\">Na tej stronie zamieszczamy pliki, kt\u00f3re zainteresowani b\u0119d\u0105 mogli pobra\u0107 na sw\u00f3j komputer po to, by dok\u0142adniej zapozna\u0107 si\u0119 z tre\u015bci\u0105 dokument\u00f3w i publikacji a tak\u017ce wys\u0142ucha\u0107 homilii i wypowiedzi na interesuj\u0105ce nas tematy.<\/span><\/p>\n<p style=\"text-align: justify;\"><span style=\"font-size: 12pt;\">Po klikni\u0119ciu na zak\u0142adk\u0119 <b>Poczytaj-pos\u0142uchaj <\/b>&#8211; w panelu<b> Menu <\/b>rozwija si\u0119 lista podfolder\u00f3w. Klikni\u0119cie na wybrany dzia\u0142 otwiera list\u0119 temat\u00f3w i link\u00f3w do pobrania. <\/span><br \/>\n<span style=\"font-size: 12pt;\">Plik mo\u017cna zapisa\u0107 na swoim komputerze do p\u00f3\u017aniejszego u\u017cytku (po klikni\u0119ciu prawym przyciskiem myszy), b\u0105d\u017a otworzy\u0107 bezpo\u015brednio, je\u015bli Wasza przegl\u0105darka posiada odpowiednie wtyczki (klikamy lewym przyciskiem myszy).<\/span><\/p>\n","protected":false},"excerpt":{"rendered":"<p>Na tej stronie zamieszczamy pliki, kt\u00f3re zainteresowani b\u0119d\u0105 mogli pobra\u0107 na sw\u00f3j komputer po to, by dok\u0142adniej zapozna\u0107 si\u0119 z tre\u015bci\u0105 dokument\u00f3w i publikacji a tak\u017ce wys\u0142ucha\u0107 homilii i wypowiedzi na interesuj\u0105ce nas tematy. Po klikni\u0119ciu na zak\u0142adk\u0119 Poczytaj-pos\u0142uchaj &#8211; w panelu Menu rozwija si\u0119 lista podfolder\u00f3w. Klikni\u0119cie na wybrany dzia\u0142 otwiera list\u0119 temat\u00f3w i <a href=\"https:\/\/niesakramentalni.pl\/?page_id=1077\" class=\"more-link\">[&hellip;]<\/a><\/p>\n","protected":false},"author":1,"featured_media":0,"parent":0,"menu_order":0,"comment_status":"closed","ping_status":"closed","template":"","meta":{"ngg_post_thumbnail":0,"footnotes":""},"_links":{"self":[{"href":"https:\/\/niesakramentalni.pl\/index.php?rest_route=\/wp\/v2\/pages\/1077"}],"collection":[{"href":"https:\/\/niesakramentalni.pl\/index.php?rest_route=\/wp\/v2\/pages"}],"about":[{"href":"https:\/\/niesakramentalni.pl\/index.php?rest_route=\/wp\/v2\/types\/page"}],"author":[{"embeddable":true,"href":"https:\/\/niesakramentalni.pl\/index.php?rest_route=\/wp\/v2\/users\/1"}],"replies":[{"embeddable":true,"href":"https:\/\/niesakramentalni.pl\/index.php?rest_route=%2Fwp%2Fv2%2Fcomments&post=1077"}],"version-history":[{"count":3,"href":"https:\/\/niesakramentalni.pl\/index.php?rest_route=\/wp\/v2\/pages\/1077\/revisions"}],"predecessor-version":[{"id":1179,"href":"https:\/\/niesakramentalni.pl\/index.php?rest_route=\/wp\/v2\/pages\/1077\/revisions\/1179"}],"wp:attachment":[{"href":"https:\/\/niesakramentalni.pl\/index.php?rest_route=%2Fwp%2Fv2%2Fmedia&parent=1077"}],"curies":[{"name":"wp","href":"https:\/\/api.w.org\/{rel}","templated":true}]}}