{"id":1069,"date":"2018-03-28T22:24:48","date_gmt":"2018-03-28T20:24:48","guid":{"rendered":"http:\/\/stowarzyszeniesos.pl\/?page_id=1069"},"modified":"2018-12-30T14:22:38","modified_gmt":"2018-12-30T13:22:38","slug":"zycie-wspolnoty","status":"publish","type":"page","link":"https:\/\/niesakramentalni.pl\/?page_id=1069","title":{"rendered":"\u017bYCIE WSP\u00d3LNOTY"},"content":{"rendered":"<p>\u017bycie Wsp\u00f3lnoty Ma\u0142\u017ce\u0144stw Niesakramentalnych w Bydgoszczy:<a class=\"ngg-fancybox\" title=\" \" href=\"https:\/\/niesakramentalni.pl\/wp-content\/gallery\/wpisy\/sucha.jpg\" rel=\"\" data-image-id=\"306\" data-src=\"https:\/\/niesakramentalni.pl\/wp-content\/gallery\/wpisy\/sucha.jpg\" data-thumbnail=\"https:\/\/niesakramentalni.pl\/wp-content\/gallery\/wpisy\/thumbs\/thumbs_sucha.jpg\" data-title=\"sucha\" data-description=\" \"><img loading=\"lazy\" decoding=\"async\" class=\"ngg-singlepic ngg-right alignright\" src=\"https:\/\/niesakramentalni.pl\/wp-content\/gallery\/wpisy\/thumbs\/thumbs_sucha.jpg\" alt=\"sucha\" width=\"216\" height=\"144\"><\/a><\/p>\n<ul>\n<li>&#8211; Msza \u015bwi\u0119ta z homili\u0105 (ka\u017cda 1. niedziela miesi\u0105ca);<\/li>\n<li>&#8211; spotkania formacyjne z adoracj\u0105 Naj\u015bwi\u0119tszego Sakramentu i<br \/>\n&nbsp; rozwa\u017caniem tekst\u00f3w Ewangelii &nbsp; (ka\u017cda 3. \u015broda miesi\u0105ca);<\/li>\n<li>&#8211; wyjazdowe dni skupienia (2-3 razy w roku);<\/li>\n<li>&#8211; rekolekcje wielkopostne dla ma\u0142\u017ce\u0144stw niesakramentalnych;<\/li>\n<li>&#8211; w\u0142asna Droga Krzy\u017cowa w Wielki Pi\u0105tek;<\/li>\n<li>&#8211; spotkania op\u0142atkowe;<\/li>\n<li>&#8211; wyjazdy integracyjne.<\/li>\n<\/ul>\n<p>&nbsp;<\/p>\n<p><span style=\"font-size: 12pt;\">&nbsp;<\/span><\/p>\n","protected":false},"excerpt":{"rendered":"<p>\u017bycie Wsp\u00f3lnoty Ma\u0142\u017ce\u0144stw Niesakramentalnych w Bydgoszczy: &#8211; Msza \u015bwi\u0119ta z homili\u0105 (ka\u017cda 1. niedziela miesi\u0105ca); &#8211; spotkania formacyjne z adoracj\u0105 Naj\u015bwi\u0119tszego Sakramentu i &nbsp; rozwa\u017caniem tekst\u00f3w Ewangelii &nbsp; (ka\u017cda 3. \u015broda miesi\u0105ca); &#8211; wyjazdowe dni skupienia (2-3 razy w roku); &#8211; rekolekcje wielkopostne dla ma\u0142\u017ce\u0144stw niesakramentalnych; &#8211; w\u0142asna Droga Krzy\u017cowa w Wielki Pi\u0105tek; &#8211; spotkania <a href=\"https:\/\/niesakramentalni.pl\/?page_id=1069\" class=\"more-link\">[&hellip;]<\/a><\/p>\n","protected":false},"author":1,"featured_media":0,"parent":0,"menu_order":0,"comment_status":"closed","ping_status":"closed","template":"","meta":{"ngg_post_thumbnail":0,"footnotes":""},"_links":{"self":[{"href":"https:\/\/niesakramentalni.pl\/index.php?rest_route=\/wp\/v2\/pages\/1069"}],"collection":[{"href":"https:\/\/niesakramentalni.pl\/index.php?rest_route=\/wp\/v2\/pages"}],"about":[{"href":"https:\/\/niesakramentalni.pl\/index.php?rest_route=\/wp\/v2\/types\/page"}],"author":[{"embeddable":true,"href":"https:\/\/niesakramentalni.pl\/index.php?rest_route=\/wp\/v2\/users\/1"}],"replies":[{"embeddable":true,"href":"https:\/\/niesakramentalni.pl\/index.php?rest_route=%2Fwp%2Fv2%2Fcomments&post=1069"}],"version-history":[{"count":3,"href":"https:\/\/niesakramentalni.pl\/index.php?rest_route=\/wp\/v2\/pages\/1069\/revisions"}],"predecessor-version":[{"id":3186,"href":"https:\/\/niesakramentalni.pl\/index.php?rest_route=\/wp\/v2\/pages\/1069\/revisions\/3186"}],"wp:attachment":[{"href":"https:\/\/niesakramentalni.pl\/index.php?rest_route=%2Fwp%2Fv2%2Fmedia&parent=1069"}],"curies":[{"name":"wp","href":"https:\/\/api.w.org\/{rel}","templated":true}]}}